{"id":7,"date":"2015-01-15T08:31:00","date_gmt":"2015-01-15T08:31:00","guid":{"rendered":"http:\/\/poruszumysl.pl\/?page_id=7"},"modified":"2025-01-28T18:56:14","modified_gmt":"2025-01-28T17:56:14","slug":"strona-glowna","status":"publish","type":"page","link":"https:\/\/www.lkavalon.com\/content\/edukacja\/","title":{"rendered":"Aplikacje edukacyjne &#8211; klucze do wiedzy i sukcesu"},"content":{"rendered":"\t\t<div data-elementor-type=\"wp-page\" data-elementor-id=\"7\" class=\"elementor elementor-7\">\n\t\t\t\t\t\t<section class=\"elementor-section elementor-top-section elementor-element elementor-element-5df10b7f elementor-section-boxed elementor-section-height-default elementor-section-height-default\" data-id=\"5df10b7f\" data-element_type=\"section\" data-e-type=\"section\">\n\t\t\t\t\t\t<div class=\"elementor-container elementor-column-gap-default\">\n\t\t\t\t\t<div class=\"elementor-column elementor-col-100 elementor-top-column elementor-element elementor-element-582608e9\" data-id=\"582608e9\" data-element_type=\"column\" data-e-type=\"column\">\n\t\t\t<div class=\"elementor-widget-wrap elementor-element-populated\">\n\t\t\t\t\t\t<div class=\"elementor-element elementor-element-6fdbc58 elementor-arrows-position-inside elementor-pagination-position-outside elementor-widget elementor-widget-image-carousel\" data-id=\"6fdbc58\" data-element_type=\"widget\" data-e-type=\"widget\" data-settings=\"{&quot;slides_to_show&quot;:&quot;1&quot;,&quot;navigation&quot;:&quot;both&quot;,&quot;autoplay&quot;:&quot;yes&quot;,&quot;pause_on_hover&quot;:&quot;yes&quot;,&quot;pause_on_interaction&quot;:&quot;yes&quot;,&quot;autoplay_speed&quot;:5000,&quot;infinite&quot;:&quot;yes&quot;,&quot;effect&quot;:&quot;slide&quot;,&quot;speed&quot;:500}\" data-widget_type=\"image-carousel.default\">\n\t\t\t\t<div class=\"elementor-widget-container\">\n\t\t\t\t\t\t\t<div class=\"elementor-image-carousel-wrapper swiper\" role=\"region\" aria-roledescription=\"carousel\" aria-label=\"Karuzela obrazk\u00f3w\" dir=\"ltr\">\n\t\t\t<div class=\"elementor-image-carousel swiper-wrapper\" aria-live=\"off\">\n\t\t\t\t\t\t\t\t<div class=\"swiper-slide\" role=\"group\" aria-roledescription=\"slide\" aria-label=\"1 z 3\"><figure class=\"swiper-slide-inner\"><img decoding=\"async\" class=\"swiper-slide-image\" src=\"https:\/\/www.lkavalon.com\/content\/edukacja\/wp-content\/uploads\/sites\/3\/2025\/01\/slider2.jpg\" alt=\"slider2\" \/><\/figure><\/div><div class=\"swiper-slide\" role=\"group\" aria-roledescription=\"slide\" aria-label=\"2 z 3\"><figure class=\"swiper-slide-inner\"><img decoding=\"async\" class=\"swiper-slide-image\" src=\"https:\/\/www.lkavalon.com\/content\/edukacja\/wp-content\/uploads\/sites\/3\/2025\/01\/slider1.jpg\" alt=\"slider1\" \/><\/figure><\/div><div class=\"swiper-slide\" role=\"group\" aria-roledescription=\"slide\" aria-label=\"3 z 3\"><figure class=\"swiper-slide-inner\"><img decoding=\"async\" class=\"swiper-slide-image\" src=\"https:\/\/www.lkavalon.com\/content\/edukacja\/wp-content\/uploads\/sites\/3\/2025\/01\/slider3.jpg\" alt=\"slider3\" \/><\/figure><\/div>\t\t\t<\/div>\n\t\t\t\t\t\t\t\t\t\t\t\t<div class=\"elementor-swiper-button elementor-swiper-button-prev\" role=\"button\" tabindex=\"0\">\n\t\t\t\t\t\t<svg aria-hidden=\"true\" class=\"e-font-icon-svg e-eicon-chevron-left\" viewBox=\"0 0 1000 1000\" xmlns=\"http:\/\/www.w3.org\/2000\/svg\"><path d=\"M646 125C629 125 613 133 604 142L308 442C296 454 292 471 292 487 292 504 296 521 308 533L604 854C617 867 629 875 646 875 663 875 679 871 692 858 704 846 713 829 713 812 713 796 708 779 692 767L438 487 692 225C700 217 708 204 708 187 708 171 704 154 692 142 675 129 663 125 646 125Z\"><\/path><\/svg>\t\t\t\t\t<\/div>\n\t\t\t\t\t<div class=\"elementor-swiper-button elementor-swiper-button-next\" role=\"button\" tabindex=\"0\">\n\t\t\t\t\t\t<svg aria-hidden=\"true\" class=\"e-font-icon-svg e-eicon-chevron-right\" viewBox=\"0 0 1000 1000\" xmlns=\"http:\/\/www.w3.org\/2000\/svg\"><path d=\"M696 533C708 521 713 504 713 487 713 471 708 454 696 446L400 146C388 133 375 125 354 125 338 125 325 129 313 142 300 154 292 171 292 187 292 204 296 221 308 233L563 492 304 771C292 783 288 800 288 817 288 833 296 850 308 863 321 871 338 875 354 875 371 875 388 867 400 854L696 533Z\"><\/path><\/svg>\t\t\t\t\t<\/div>\n\t\t\t\t\n\t\t\t\t\t\t\t\t\t<div class=\"swiper-pagination\"><\/div>\n\t\t\t\t\t\t\t\t\t<\/div>\n\t\t\t\t\t\t<\/div>\n\t\t\t\t<\/div>\n\t\t\t\t<div class=\"elementor-element elementor-element-a6a95e elementor-widget elementor-widget-text-editor\" data-id=\"a6a95e\" data-element_type=\"widget\" data-e-type=\"widget\" data-widget_type=\"text-editor.default\">\n\t\t\t\t<div class=\"elementor-widget-container\">\n\t\t\t\t\t\t\t\t\t<p>Z dum\u0105 prezentujemy ofert\u0119 program\u00f3w edukacyjnych opracowanych przez nasz\u0105 firm\u0119, kt\u00f3ra od lat zajmuj\u0105cych si\u0119 tworzeniem nowoczesnych edukacyjnych program\u00f3w komputerowych, pomagaj\u0105cych dzieciom podnie\u015b\u0107 umiej\u0119tno\u015bci szkolne.\u00a0 Wsp\u00f3\u0142praca do\u015bwiadczonych pedagog\u00f3w z programistami zaowocowa\u0142a produktami uniwersalnymi, u\u017cytecznymi w codziennej pracy z dzie\u0107mi. \u00a0<\/p><p>Nasze programy s\u0105 z powodzeniem u\u017cywane przez wiele plac\u00f3wek szkolno-wychowawczych. S\u0105 narz\u0119dziami do osi\u0105gania sukcesu, jakim jest wszechstronny rozw\u00f3j ucznia i jego umiej\u0119tno\u015bci. Programy s\u0105 u\u017cywane w szkolnych pracowniach komputerowych oraz domach jako nowoczesne narz\u0119dzia wspomagaj\u0105ce proces nauczania.<\/p><div data-canvas-width=\"48.903600000000004\">Opracowanie merytoryczne jest dzie\u0142em pedagog\u00f3w praktyk\u00f3w &#8211; na co dzie\u0144 pracuj\u0105cych z dzie\u0107mi, za\u015b nowoczesna multimedialna forma realizacji zapewnia atrakcyjno\u015b\u0107 i efektywno\u015b\u0107 nauki.<\/div>\t\t\t\t\t\t\t\t<\/div>\n\t\t\t\t<\/div>\n\t\t\t\t\t<\/div>\n\t\t<\/div>\n\t\t\t\t\t<\/div>\n\t\t<\/section>\n\t\t\t\t<section class=\"elementor-section elementor-top-section elementor-element elementor-element-7b63b80 elementor-section-boxed elementor-section-height-default elementor-section-height-default\" data-id=\"7b63b80\" data-element_type=\"section\" data-e-type=\"section\">\n\t\t\t\t\t\t<div class=\"elementor-container elementor-column-gap-default\">\n\t\t\t\t\t<div class=\"elementor-column elementor-col-100 elementor-top-column elementor-element elementor-element-b89a7bd\" data-id=\"b89a7bd\" data-element_type=\"column\" data-e-type=\"column\">\n\t\t\t<div class=\"elementor-widget-wrap elementor-element-populated\">\n\t\t\t\t\t\t<div class=\"elementor-element elementor-element-47f4897 elementor-widget elementor-widget-image\" data-id=\"47f4897\" data-element_type=\"widget\" data-e-type=\"widget\" data-widget_type=\"image.default\">\n\t\t\t\t<div class=\"elementor-widget-container\">\n\t\t\t\t\t\t\t\t\t\t\t\t\t\t\t<img fetchpriority=\"high\" decoding=\"async\" width=\"750\" height=\"237\" src=\"https:\/\/www.lkavalon.com\/content\/edukacja\/wp-content\/uploads\/sites\/3\/2021\/03\/kids-160168m2.png\" class=\"attachment-large size-large wp-image-337\" alt=\"\" srcset=\"https:\/\/www.lkavalon.com\/content\/edukacja\/wp-content\/uploads\/sites\/3\/2021\/03\/kids-160168m2.png 800w, https:\/\/www.lkavalon.com\/content\/edukacja\/wp-content\/uploads\/sites\/3\/2021\/03\/kids-160168m2-300x95.png 300w, https:\/\/www.lkavalon.com\/content\/edukacja\/wp-content\/uploads\/sites\/3\/2021\/03\/kids-160168m2-768x243.png 768w\" sizes=\"(max-width: 750px) 100vw, 750px\" \/>\t\t\t\t\t\t\t\t\t\t\t\t\t\t\t<\/div>\n\t\t\t\t<\/div>\n\t\t\t\t\t<\/div>\n\t\t<\/div>\n\t\t\t\t\t<\/div>\n\t\t<\/section>\n\t\t\t\t<\/div>\n\t\t","protected":false},"excerpt":{"rendered":"<p>Z dum\u0105 prezentujemy ofert\u0119 program\u00f3w edukacyjnych opracowanych przez nasz\u0105 firm\u0119, kt\u00f3ra od lat zajmuj\u0105cych si\u0119 tworzeniem nowoczesnych edukacyjnych program\u00f3w komputerowych, pomagaj\u0105cych dzieciom podnie\u015b\u0107 umiej\u0119tno\u015bci szkolne.\u00a0 Wsp\u00f3\u0142praca do\u015bwiadczonych pedagog\u00f3w z programistami zaowocowa\u0142a produktami uniwersalnymi, u\u017cytecznymi w codziennej pracy z dzie\u0107mi. \u00a0 Nasze programy s\u0105 z powodzeniem u\u017cywane przez wiele plac\u00f3wek szkolno-wychowawczych. S\u0105 narz\u0119dziami do osi\u0105gania sukcesu, [&hellip;]<\/p>\n","protected":false},"author":1,"featured_media":0,"parent":0,"menu_order":0,"comment_status":"closed","ping_status":"closed","template":"","meta":{"tpgb_global_settings":"","footnotes":""},"class_list":["post-7","page","type-page","status-publish","hentry"],"tpgb_featured_images":null,"tpgb_post_meta_info":{"get_date":"2015-01-15","get_modified_date":"2025-01-28","author_name":"admin","author_url":"https:\/\/www.lkavalon.com\/content\/edukacja\/author\/admin\/","author_email":"ml@lkavalon.com","author_website":"http:\/\/www.lkavalon.com\/content","author_description":"","author_facebook":"","author_twitter":"","author_instagram":"","author_role":["administrator"],"author_firstname":"","author_lastname":"","user_login":"xti1d2","author_avatar":"<img alt='' src='https:\/\/secure.gravatar.com\/avatar\/d186a042c5db02fd2fbe3d0e9f984ca50903fc94816bca1731e222a8bb2f9ce9?s=200&#038;d=mm&#038;r=g' srcset='https:\/\/secure.gravatar.com\/avatar\/d186a042c5db02fd2fbe3d0e9f984ca50903fc94816bca1731e222a8bb2f9ce9?s=400&#038;d=mm&#038;r=g 2x' class='avatar avatar-200 photo' height='200' width='200' decoding='async'\/>","author_avatar_url":"https:\/\/secure.gravatar.com\/avatar\/d186a042c5db02fd2fbe3d0e9f984ca50903fc94816bca1731e222a8bb2f9ce9?s=96&d=mm&r=g","comment_count":0,"post_likes":0,"post_views":0},"tpgb_post_category":[],"_links":{"self":[{"href":"https:\/\/www.lkavalon.com\/content\/edukacja\/wp-json\/wp\/v2\/pages\/7","targetHints":{"allow":["GET"]}}],"collection":[{"href":"https:\/\/www.lkavalon.com\/content\/edukacja\/wp-json\/wp\/v2\/pages"}],"about":[{"href":"https:\/\/www.lkavalon.com\/content\/edukacja\/wp-json\/wp\/v2\/types\/page"}],"author":[{"embeddable":true,"href":"https:\/\/www.lkavalon.com\/content\/edukacja\/wp-json\/wp\/v2\/users\/1"}],"replies":[{"embeddable":true,"href":"https:\/\/www.lkavalon.com\/content\/edukacja\/wp-json\/wp\/v2\/comments?post=7"}],"version-history":[{"count":10,"href":"https:\/\/www.lkavalon.com\/content\/edukacja\/wp-json\/wp\/v2\/pages\/7\/revisions"}],"predecessor-version":[{"id":612,"href":"https:\/\/www.lkavalon.com\/content\/edukacja\/wp-json\/wp\/v2\/pages\/7\/revisions\/612"}],"wp:attachment":[{"href":"https:\/\/www.lkavalon.com\/content\/edukacja\/wp-json\/wp\/v2\/media?parent=7"}],"curies":[{"name":"wp","href":"https:\/\/api.w.org\/{rel}","templated":true}]}}