{"id":20,"date":"2015-01-15T08:48:21","date_gmt":"2015-01-15T08:48:21","guid":{"rendered":"http:\/\/poruszumysl.pl\/?page_id=20"},"modified":"2025-04-23T18:25:20","modified_gmt":"2025-04-23T16:25:20","slug":"kontakt","status":"publish","type":"page","link":"https:\/\/www.lkavalon.com\/content\/edukacja\/kontakt\/","title":{"rendered":"Kontakt"},"content":{"rendered":"<p><strong><span class=\"title\">Par\u0119 s\u0142\u00f3w o LK Avalon<\/span><\/strong><\/p>\n<p>Firma Laboratorium Komputerowe AVALON sp. z o.o. powsta\u0142a w 1990 roku. Ponad 35 letnia obecno\u015b\u0107 na rynku jest gwarancj\u0105 stabilnej pozycji firmy jako partnera, a naszym klientom daje pewno\u015b\u0107, \u017ce oferowane przez nas produkty s\u0105 najwy\u017cszej jako\u015bci.<\/p>\n<p><strong><span class=\"title\">Adresy mailowe<\/span><\/strong><br \/>\nZapytania odno\u015bnie oferty dla szk\u00f3\u0142: <a title=\"Wy\u015blij e-mail! (href=&quot;mailto:me&quot;)\" href=\"mailto:biuro@lkavalon.com\" target=\"_blank\" rel=\"noopener\">BIURO@LKAVALON.COM<\/a><\/p>\n<p><strong><span class=\"title\">Adres pocztowy<\/span><\/strong><br \/>\nLK Avalon sp. z o.o.<br \/>\n\u015awilcza 145 c<br \/>\n36-072 \u015awilcza<\/p>\n<p><strong><span class=\"title\">Kontakt telefoniczny<\/span><\/strong><br \/>\nTelefon: 504601681<\/p>\n<p>Strona autorki metody wspierania rozwoju wg Treningu Globalnego:<\/p>\n<p><img decoding=\"async\" class=\"alignnone wp-image-201 size-thumbnail\" src=\"https:\/\/www.lkavalon.com\/content\/edukacja\/wp-content\/uploads\/sites\/3\/2015\/02\/LOGO22-150x150.jpg\" alt=\"\" width=\"150\" height=\"150\" srcset=\"https:\/\/www.lkavalon.com\/content\/edukacja\/wp-content\/uploads\/sites\/3\/2015\/02\/LOGO22-150x150.jpg 150w, https:\/\/www.lkavalon.com\/content\/edukacja\/wp-content\/uploads\/sites\/3\/2015\/02\/LOGO22-300x300.jpg 300w, https:\/\/www.lkavalon.com\/content\/edukacja\/wp-content\/uploads\/sites\/3\/2015\/02\/LOGO22-768x768.jpg 768w, https:\/\/www.lkavalon.com\/content\/edukacja\/wp-content\/uploads\/sites\/3\/2015\/02\/LOGO22.jpg 1000w\" sizes=\"(max-width: 150px) 100vw, 150px\" \/><\/p>\n<p><a href=\"http:\/\/www.plusik-minusik.pl\" target=\"_blank\" rel=\"noopener\">www.plusik-minusik.pl<\/a><\/p>\n","protected":false},"excerpt":{"rendered":"<p>Par\u0119 s\u0142\u00f3w o LK Avalon Firma Laboratorium Komputerowe AVALON sp. z o.o. powsta\u0142a w 1990 roku. Ponad 35 letnia obecno\u015b\u0107 na rynku jest gwarancj\u0105 stabilnej pozycji firmy jako partnera, a naszym klientom daje pewno\u015b\u0107, \u017ce oferowane przez nas produkty s\u0105 najwy\u017cszej jako\u015bci. Adresy mailowe Zapytania odno\u015bnie oferty dla szk\u00f3\u0142: BIURO@LKAVALON.COM Adres pocztowy LK Avalon sp. [&hellip;]<\/p>\n","protected":false},"author":1,"featured_media":0,"parent":0,"menu_order":4,"comment_status":"closed","ping_status":"closed","template":"","meta":{"tpgb_global_settings":"","footnotes":""},"class_list":["post-20","page","type-page","status-publish","hentry"],"tpgb_featured_images":null,"tpgb_post_meta_info":{"get_date":"2015-01-15","get_modified_date":"2025-04-23","author_name":"admin","author_url":"https:\/\/www.lkavalon.com\/content\/edukacja\/author\/admin\/","author_email":"ml@lkavalon.com","author_website":"http:\/\/www.lkavalon.com\/content","author_description":"","author_facebook":"","author_twitter":"","author_instagram":"","author_role":["administrator"],"author_firstname":"","author_lastname":"","user_login":"xti1d2","author_avatar":"<img alt='' src='https:\/\/secure.gravatar.com\/avatar\/d186a042c5db02fd2fbe3d0e9f984ca50903fc94816bca1731e222a8bb2f9ce9?s=200&#038;d=mm&#038;r=g' srcset='https:\/\/secure.gravatar.com\/avatar\/d186a042c5db02fd2fbe3d0e9f984ca50903fc94816bca1731e222a8bb2f9ce9?s=400&#038;d=mm&#038;r=g 2x' class='avatar avatar-200 photo' height='200' width='200' decoding='async'\/>","author_avatar_url":"https:\/\/secure.gravatar.com\/avatar\/d186a042c5db02fd2fbe3d0e9f984ca50903fc94816bca1731e222a8bb2f9ce9?s=96&d=mm&r=g","comment_count":0,"post_likes":0,"post_views":0},"tpgb_post_category":[],"_links":{"self":[{"href":"https:\/\/www.lkavalon.com\/content\/edukacja\/wp-json\/wp\/v2\/pages\/20","targetHints":{"allow":["GET"]}}],"collection":[{"href":"https:\/\/www.lkavalon.com\/content\/edukacja\/wp-json\/wp\/v2\/pages"}],"about":[{"href":"https:\/\/www.lkavalon.com\/content\/edukacja\/wp-json\/wp\/v2\/types\/page"}],"author":[{"embeddable":true,"href":"https:\/\/www.lkavalon.com\/content\/edukacja\/wp-json\/wp\/v2\/users\/1"}],"replies":[{"embeddable":true,"href":"https:\/\/www.lkavalon.com\/content\/edukacja\/wp-json\/wp\/v2\/comments?post=20"}],"version-history":[{"count":6,"href":"https:\/\/www.lkavalon.com\/content\/edukacja\/wp-json\/wp\/v2\/pages\/20\/revisions"}],"predecessor-version":[{"id":637,"href":"https:\/\/www.lkavalon.com\/content\/edukacja\/wp-json\/wp\/v2\/pages\/20\/revisions\/637"}],"wp:attachment":[{"href":"https:\/\/www.lkavalon.com\/content\/edukacja\/wp-json\/wp\/v2\/media?parent=20"}],"curies":[{"name":"wp","href":"https:\/\/api.w.org\/{rel}","templated":true}]}}