{"id":185,"date":"2015-01-28T12:11:40","date_gmt":"2015-01-28T12:11:40","guid":{"rendered":"http:\/\/poruszumysl.pl\/?page_id=185"},"modified":"2025-04-23T17:43:43","modified_gmt":"2025-04-23T15:43:43","slug":"zakup","status":"publish","type":"page","link":"https:\/\/www.lkavalon.com\/content\/edukacja\/zakup\/","title":{"rendered":"Zakup"},"content":{"rendered":"<p>Wszystkim zainteresowanym szko\u0142om oferujemy opisywane programy z bezterminow\u0105 licencj\u0105 do u\u017cytku w celach edukacyjnych (w szko\u0142ach, plac\u00f3wkach opieku\u0144czo wychowawczych itp.).<\/p>\n<p><strong>Porusz Umys\u0142 plus z licencj\u0105 edukacyjn\u0105<\/strong> kosztuje 69,99 z\u0142 (z VAT) za ka\u017cde stanowisko komputerowe.<\/p>\n<p><strong>Progres z licencj\u0105 edukacyjn\u0105<\/strong> kosztuje 59,99 z\u0142 (z VAT) za ka\u017cde stanowisko komputerowe.<\/p>\n<p><strong>Matematyczne Przygody z licencj\u0105 edukacyjn\u0105<\/strong> kosztuj\u0105 59,99 z\u0142 (z VAT) za ka\u017cde stanowisko komputerowe.<\/p>\n<p>Aby zam\u00f3wi\u0107 programy wraz z bezterminowymi licencjami edukacyjnymi wystarczy przes\u0142a\u0107 do nas zam\u00f3wienie w dowolnej formie pisemnej np. emailem lub poczt\u0105 tradycyjn\u0105.<br \/>\nFormularz zam\u00f3wienia dost\u0119pny jest <a href=\"https:\/\/www.lkavalon.com\/formularze_i_ulotki\/LK_Avalon_oferta_edukacyjna_dla_szkol.pdf\" target=\"_blank\" rel=\"noopener\">tutaj<\/a>.<\/p>\n<p>Zam\u00f3wienia lub zapytania odno\u015bnie oferty dla szk\u00f3\u0142: <a title=\"Wy\u015blij e-mail! (href=&quot;mailto:me&quot;)\" href=\"mailto:biuro@lkavalon.com\" target=\"_blank\" rel=\"noopener\">BIURO@LKAVALON.COM<\/a><\/p>\n<p><strong>Adres pocztowy<\/strong><br \/>\nLK Avalon sp. z o.o.<br \/>\n\u015awilcza 145 c<br \/>\n36-072 \u015awilcza<\/p>\n<p><strong>Kontakt telefoniczny<\/strong><br \/>\nTelefon: 504 601 681<\/p>\n","protected":false},"excerpt":{"rendered":"<p>Wszystkim zainteresowanym szko\u0142om oferujemy opisywane programy z bezterminow\u0105 licencj\u0105 do u\u017cytku w celach edukacyjnych (w szko\u0142ach, plac\u00f3wkach opieku\u0144czo wychowawczych itp.). Porusz Umys\u0142 plus z licencj\u0105 edukacyjn\u0105 kosztuje 69,99 z\u0142 (z VAT) za ka\u017cde stanowisko komputerowe. Progres z licencj\u0105 edukacyjn\u0105 kosztuje 59,99 z\u0142 (z VAT) za ka\u017cde stanowisko komputerowe. Matematyczne Przygody z licencj\u0105 edukacyjn\u0105 kosztuj\u0105 59,99 [&hellip;]<\/p>\n","protected":false},"author":1,"featured_media":0,"parent":0,"menu_order":0,"comment_status":"closed","ping_status":"closed","template":"","meta":{"tpgb_global_settings":"","footnotes":""},"class_list":["post-185","page","type-page","status-publish","hentry"],"tpgb_featured_images":null,"tpgb_post_meta_info":{"get_date":"2015-01-28","get_modified_date":"2025-04-23","author_name":"admin","author_url":"https:\/\/www.lkavalon.com\/content\/edukacja\/author\/admin\/","author_email":"ml@lkavalon.com","author_website":"http:\/\/www.lkavalon.com\/content","author_description":"","author_facebook":"","author_twitter":"","author_instagram":"","author_role":["administrator"],"author_firstname":"","author_lastname":"","user_login":"xti1d2","author_avatar":"<img alt='' src='https:\/\/secure.gravatar.com\/avatar\/d186a042c5db02fd2fbe3d0e9f984ca50903fc94816bca1731e222a8bb2f9ce9?s=200&#038;d=mm&#038;r=g' srcset='https:\/\/secure.gravatar.com\/avatar\/d186a042c5db02fd2fbe3d0e9f984ca50903fc94816bca1731e222a8bb2f9ce9?s=400&#038;d=mm&#038;r=g 2x' class='avatar avatar-200 photo' height='200' width='200' decoding='async'\/>","author_avatar_url":"https:\/\/secure.gravatar.com\/avatar\/d186a042c5db02fd2fbe3d0e9f984ca50903fc94816bca1731e222a8bb2f9ce9?s=96&d=mm&r=g","comment_count":0,"post_likes":0,"post_views":0},"tpgb_post_category":[],"_links":{"self":[{"href":"https:\/\/www.lkavalon.com\/content\/edukacja\/wp-json\/wp\/v2\/pages\/185","targetHints":{"allow":["GET"]}}],"collection":[{"href":"https:\/\/www.lkavalon.com\/content\/edukacja\/wp-json\/wp\/v2\/pages"}],"about":[{"href":"https:\/\/www.lkavalon.com\/content\/edukacja\/wp-json\/wp\/v2\/types\/page"}],"author":[{"embeddable":true,"href":"https:\/\/www.lkavalon.com\/content\/edukacja\/wp-json\/wp\/v2\/users\/1"}],"replies":[{"embeddable":true,"href":"https:\/\/www.lkavalon.com\/content\/edukacja\/wp-json\/wp\/v2\/comments?post=185"}],"version-history":[{"count":3,"href":"https:\/\/www.lkavalon.com\/content\/edukacja\/wp-json\/wp\/v2\/pages\/185\/revisions"}],"predecessor-version":[{"id":636,"href":"https:\/\/www.lkavalon.com\/content\/edukacja\/wp-json\/wp\/v2\/pages\/185\/revisions\/636"}],"wp:attachment":[{"href":"https:\/\/www.lkavalon.com\/content\/edukacja\/wp-json\/wp\/v2\/media?parent=185"}],"curies":[{"name":"wp","href":"https:\/\/api.w.org\/{rel}","templated":true}]}}