{"id":18,"date":"2015-01-15T08:48:06","date_gmt":"2015-01-15T08:48:06","guid":{"rendered":"http:\/\/poruszumysl.pl\/?page_id=18"},"modified":"2025-01-24T14:09:05","modified_gmt":"2025-01-24T13:09:05","slug":"oferta","status":"publish","type":"page","link":"https:\/\/www.lkavalon.com\/content\/edukacja\/oferta\/","title":{"rendered":"Bezp\u0142atne wersje pokazowe"},"content":{"rendered":"\n<p>W celu zapoznania si\u0119 ze szczeg\u00f3\u0142owymi mo\u017cliwo\u015bciami program\u00f3w&nbsp;zapraszamy do pobrania bezp\u0142atnych wersji testowych.<\/p>\n\n\n<div class=\"tpgb-external-form-styler tpgb-relative-block tpgb-block-3cf1_18 \"><div class=\"tpgb-everest-form \"><div class=\"everest-forms\"><div class=\"evf-container default\" id=\"evf-494\"><form id=\"evf-form-494\" class=\"everest-form\" data-formid=\"494\" data-ajax_submission=\"0\" data-keyboard_friendly_form=\"0\" data-form_state_type=\"\" method=\"post\" enctype=\"multipart\/form-data\" action=\"\/content\/edukacja\/wp-json\/wp\/v2\/pages\/18\"><div class=\"evf-field-container\"><input type=\"hidden\" id=\"_wpnonce494\" name=\"_wpnonce494\" value=\"b4355bc628\" \/><input type=\"hidden\" name=\"_wp_http_referer\" value=\"\/content\/edukacja\/wp-json\/wp\/v2\/pages\/18\" \/><div class=\"evf-frontend-row\" data-row=\"row_1\" conditional_rules=\"[]\"><div class=\"evf-frontend-grid evf-grid-1\" data-grid=\"grid_1\"><div id=\"evf-494-field_message-container\" class=\"evf-field evf-field-textarea form-row validate-required\" data-required-field-message=\"Pola wymagane\" data-field-id=\"message\"><label class=\"evf-field-label\" for=\"evf-494-field_message\"><span class=\"evf-label\">Nazwa i adres jednostki edukacyjnej<\/span> <abbr class=\"required\" title=\"Required\">*<\/abbr><\/label><textarea id=\"evf-494-field_message\" class=\"input-text\" name=\"everest_forms[form_fields][message]\" required ><\/textarea><\/div><div id=\"evf-494-field_fullname-container\" class=\"evf-field evf-field-text form-row validate-required\" data-required-field-message=\"Pole wymagane\" data-field-id=\"fullname\"><label class=\"evf-field-label\" for=\"evf-494-field_fullname\"><span class=\"evf-label\">Imi\u0119 i nazwisko<\/span> <abbr class=\"required\" title=\"Required\">*<\/abbr><\/label><input type=\"text\" id=\"evf-494-field_fullname\" class=\"input-text\" name=\"everest_forms[form_fields][fullname]\" required><div class=\"evf-field-description\">Prosimy poda\u0107 dane osoby kontaktowej<\/div><\/div><div id=\"evf-494-field_AzrxeuoPvr-2-container\" class=\"evf-field evf-field-phone form-row validate-required validate-phone\" data-required-field-message=\"\" data-field-id=\"AzrxeuoPvr-2\"><label class=\"evf-field-label\" for=\"evf-494-field_AzrxeuoPvr-2\"><span class=\"evf-label\">Telefon<\/span> <abbr class=\"required\" title=\"Required\">*<\/abbr><\/label><input type=\"tel\" id=\"evf-494-field_AzrxeuoPvr-2\" class=\"input-text evf-smart-phone-field\" data-rule-smart-phone-field=\"true\" name=\"everest_forms[form_fields][AzrxeuoPvr-2]\" required><\/div><div id=\"evf-494-field_cnZliskmgs-5-container\" class=\"evf-field evf-field-email form-row validate-required validate-email\" data-required-field-message=\"Prosz\u0119 poda\u0107 prawid\u0142owy adres email\" data-field-id=\"cnZliskmgs-5\"><label class=\"evf-field-label\" for=\"evf-494-field_cnZliskmgs-5\"><span class=\"evf-label\">Email<\/span> <abbr class=\"required\" title=\"Required\">*<\/abbr><\/label><input type=\"email\" id=\"evf-494-field_cnZliskmgs-5\" class=\"input-text\" name=\"everest_forms[form_fields][cnZliskmgs-5]\" required ><\/div><\/div><\/div><div class=\"evf-frontend-row\" data-row=\"row_2\" conditional_rules=\"[]\"><div class=\"evf-frontend-grid evf-grid-1\" data-grid=\"grid_1\"><div id=\"evf-494-field_CpSHCrfGbf-3-container\" class=\"evf-field evf-field-textarea form-row\" data-field-id=\"CpSHCrfGbf-3\"><label class=\"evf-field-label\" for=\"evf-494-field_CpSHCrfGbf-3\"><span class=\"evf-label\">Dodatkowe informacje<\/span> <\/label><textarea id=\"evf-494-field_CpSHCrfGbf-3\" class=\"input-text\" name=\"everest_forms[form_fields][CpSHCrfGbf-3]\"  ><\/textarea><div class=\"evf-field-description\">Mo\u017cna tu wpisa\u0107 dodatkowe uwagi lub zapytanie<\/div><\/div><\/div><\/div><\/div><div class=\"evf-honeypot-container evf-field-hp\"><label for=\"evf-494-field-hp\" class=\"evf-field-label\">Comment<\/label><input type=\"text\" name=\"everest_forms[hp]\" id=\"evf-494-field-hp\" class=\"input-text\"><\/div><div class=\"evf-submit-container \" ><input type=\"hidden\" name=\"everest_forms[id]\" value=\"494\"><input type=\"hidden\" name=\"everest_forms[author]\" value=\"1\"><button type='submit' name='everest_forms[submit]' class='everest-forms-submit-button button evf-submit ' id='evf-submit-494' value='evf-submit' data-process-text=\"Processing\u2026\" conditional_rules='&quot;&quot;' conditional_id='evf-submit-494'  id=\"evf-submit-494\" aria-live=\"assertive\">Wy\u015blij zg\u0142oszenie<\/button><\/div><\/form><\/div><!-- .evf-container --><\/div><\/div><\/div>\n\n\n<p>UWAGA: oferowane tutaj wersje testowe maj\u0105 pe\u0142n\u0105 funkcjonalno\u015b\u0107 ale przeznaczone s\u0105 TYLKO dla szk\u00f3\u0142. Po sprawdzeniu poprawno\u015bci danych udost\u0119pnimy Pa\u0144stwu oferowane oprogramowanie.<\/p>\n\n\n\n<p>&nbsp;<\/p>\n\n\n\n<p><strong>UWAGA: Prosimy o dok\u0142adne wpisanie adresu mailowego, gdy\u017c jest to jedyna mo\u017cliwa forma otrzymania danych do pobrania program\u00f3w. Prosz\u0119 r\u00f3wnie\u017c pami\u0119ta\u0107 o sprawdzeniu folder\u00f3w poczty niechcianej, je\u017celi nie otrzymacie Pa\u0144stwo odpowiedzi na wys\u0142ane zg\u0142oszenie w ci\u0105gu 24h.<\/strong><\/p>\n\n\n\n<p>&nbsp;<\/p>\n\n\n\n<p><\/p>\n","protected":false},"excerpt":{"rendered":"<p>W celu zapoznania si\u0119 ze szczeg\u00f3\u0142owymi mo\u017cliwo\u015bciami program\u00f3w&nbsp;zapraszamy do pobrania bezp\u0142atnych wersji testowych. UWAGA: oferowane tutaj wersje testowe maj\u0105 pe\u0142n\u0105 funkcjonalno\u015b\u0107 ale przeznaczone s\u0105 TYLKO dla szk\u00f3\u0142. Po sprawdzeniu poprawno\u015bci danych udost\u0119pnimy Pa\u0144stwu oferowane oprogramowanie. &nbsp; UWAGA: Prosimy o dok\u0142adne wpisanie adresu mailowego, gdy\u017c jest to jedyna mo\u017cliwa forma otrzymania danych do pobrania program\u00f3w. Prosz\u0119 [&hellip;]<\/p>\n","protected":false},"author":1,"featured_media":0,"parent":0,"menu_order":2,"comment_status":"closed","ping_status":"closed","template":"","meta":{"tpgb_global_settings":"","footnotes":""},"class_list":["post-18","page","type-page","status-publish","hentry"],"tpgb_featured_images":null,"tpgb_post_meta_info":{"get_date":"2015-01-15","get_modified_date":"2025-01-24","author_name":"admin","author_url":"https:\/\/www.lkavalon.com\/content\/edukacja\/author\/admin\/","author_email":"ml@lkavalon.com","author_website":"http:\/\/www.lkavalon.com\/content","author_description":"","author_facebook":"","author_twitter":"","author_instagram":"","author_role":["administrator"],"author_firstname":"","author_lastname":"","user_login":"xti1d2","author_avatar":"<img alt='' src='https:\/\/secure.gravatar.com\/avatar\/d186a042c5db02fd2fbe3d0e9f984ca50903fc94816bca1731e222a8bb2f9ce9?s=200&#038;d=mm&#038;r=g' srcset='https:\/\/secure.gravatar.com\/avatar\/d186a042c5db02fd2fbe3d0e9f984ca50903fc94816bca1731e222a8bb2f9ce9?s=400&#038;d=mm&#038;r=g 2x' class='avatar avatar-200 photo' height='200' width='200' decoding='async'\/>","author_avatar_url":"https:\/\/secure.gravatar.com\/avatar\/d186a042c5db02fd2fbe3d0e9f984ca50903fc94816bca1731e222a8bb2f9ce9?s=96&d=mm&r=g","comment_count":0,"post_likes":0,"post_views":0},"tpgb_post_category":[],"_links":{"self":[{"href":"https:\/\/www.lkavalon.com\/content\/edukacja\/wp-json\/wp\/v2\/pages\/18","targetHints":{"allow":["GET"]}}],"collection":[{"href":"https:\/\/www.lkavalon.com\/content\/edukacja\/wp-json\/wp\/v2\/pages"}],"about":[{"href":"https:\/\/www.lkavalon.com\/content\/edukacja\/wp-json\/wp\/v2\/types\/page"}],"author":[{"embeddable":true,"href":"https:\/\/www.lkavalon.com\/content\/edukacja\/wp-json\/wp\/v2\/users\/1"}],"replies":[{"embeddable":true,"href":"https:\/\/www.lkavalon.com\/content\/edukacja\/wp-json\/wp\/v2\/comments?post=18"}],"version-history":[{"count":10,"href":"https:\/\/www.lkavalon.com\/content\/edukacja\/wp-json\/wp\/v2\/pages\/18\/revisions"}],"predecessor-version":[{"id":576,"href":"https:\/\/www.lkavalon.com\/content\/edukacja\/wp-json\/wp\/v2\/pages\/18\/revisions\/576"}],"wp:attachment":[{"href":"https:\/\/www.lkavalon.com\/content\/edukacja\/wp-json\/wp\/v2\/media?parent=18"}],"curies":[{"name":"wp","href":"https:\/\/api.w.org\/{rel}","templated":true}]}}