{"id":133,"date":"2015-01-26T09:20:58","date_gmt":"2015-01-26T09:20:58","guid":{"rendered":"http:\/\/poruszumysl.pl\/?page_id=133"},"modified":"2025-01-24T13:16:25","modified_gmt":"2025-01-24T12:16:25","slug":"do-pobrania","status":"publish","type":"page","link":"https:\/\/www.lkavalon.com\/content\/edukacja\/do-pobrania\/","title":{"rendered":"Do pobrania"},"content":{"rendered":"<p><img decoding=\"async\" class=\"size-full wp-image-248 aligncenter\" src=\"https:\/\/www.lkavalon.com\/content\/edukacja\/wp-content\/uploads\/sites\/3\/2021\/03\/okladki_male_trzy.png\" alt=\"\" width=\"250\" height=\"149\" \/><\/p>\n<p>Szko\u0142y zainteresowane bezp\u0142atnym pobraniem i przetestowaniem program\u00f3w prosimy o wype\u0142nienie formularza na podstronie <a href=\"https:\/\/www.lkavalon.com\/content\/edukacja\/oferta\/\">DLA SZK\u00d3\u0141<\/a>.<\/p>\n<p><strong>Dokumenty i materia\u0142y informacyjne do samodzielnego pobrania:<\/strong><\/p>\n<p>Pe\u0142na oferta edukacyjna &#8211; <a href=\"https:\/\/www.lkavalon.com\/formularze_i_ulotki\/LK_Avalon_oferta_edukacyjna_dla_szkol.pdf\" target=\"_blank\" rel=\"noopener noreferrer\">kliknij tutaj<\/a> aby pobra\u0107.<\/p>\n<p>Formularz zam\u00f3wienia program\u00f3w &#8211; <a href=\"https:\/\/www.lkavalon.com\/formularze_i_ulotki\/Formularz_zamowienia_programow_edukacyjnych.xls\" target=\"_blank\" rel=\"noopener\">kliknij tutaj<\/a> aby pobra\u0107.<\/p>\n","protected":false},"excerpt":{"rendered":"<p>Szko\u0142y zainteresowane bezp\u0142atnym pobraniem i przetestowaniem program\u00f3w prosimy o wype\u0142nienie formularza na podstronie DLA SZK\u00d3\u0141. Dokumenty i materia\u0142y informacyjne do samodzielnego pobrania: Pe\u0142na oferta edukacyjna &#8211; kliknij tutaj aby pobra\u0107. Formularz zam\u00f3wienia program\u00f3w &#8211; kliknij tutaj aby pobra\u0107.<\/p>\n","protected":false},"author":1,"featured_media":0,"parent":0,"menu_order":0,"comment_status":"closed","ping_status":"closed","template":"","meta":{"tpgb_global_settings":"","footnotes":""},"class_list":["post-133","page","type-page","status-publish","hentry"],"tpgb_featured_images":null,"tpgb_post_meta_info":{"get_date":"2015-01-26","get_modified_date":"2025-01-24","author_name":"admin","author_url":"https:\/\/www.lkavalon.com\/content\/edukacja\/author\/admin\/","author_email":"ml@lkavalon.com","author_website":"http:\/\/www.lkavalon.com\/content","author_description":"","author_facebook":"","author_twitter":"","author_instagram":"","author_role":["administrator"],"author_firstname":"","author_lastname":"","user_login":"xti1d2","author_avatar":"<img alt='' src='https:\/\/secure.gravatar.com\/avatar\/d186a042c5db02fd2fbe3d0e9f984ca50903fc94816bca1731e222a8bb2f9ce9?s=200&#038;d=mm&#038;r=g' srcset='https:\/\/secure.gravatar.com\/avatar\/d186a042c5db02fd2fbe3d0e9f984ca50903fc94816bca1731e222a8bb2f9ce9?s=400&#038;d=mm&#038;r=g 2x' class='avatar avatar-200 photo' height='200' width='200' decoding='async'\/>","author_avatar_url":"https:\/\/secure.gravatar.com\/avatar\/d186a042c5db02fd2fbe3d0e9f984ca50903fc94816bca1731e222a8bb2f9ce9?s=96&d=mm&r=g","comment_count":0,"post_likes":0,"post_views":0},"tpgb_post_category":[],"_links":{"self":[{"href":"https:\/\/www.lkavalon.com\/content\/edukacja\/wp-json\/wp\/v2\/pages\/133","targetHints":{"allow":["GET"]}}],"collection":[{"href":"https:\/\/www.lkavalon.com\/content\/edukacja\/wp-json\/wp\/v2\/pages"}],"about":[{"href":"https:\/\/www.lkavalon.com\/content\/edukacja\/wp-json\/wp\/v2\/types\/page"}],"author":[{"embeddable":true,"href":"https:\/\/www.lkavalon.com\/content\/edukacja\/wp-json\/wp\/v2\/users\/1"}],"replies":[{"embeddable":true,"href":"https:\/\/www.lkavalon.com\/content\/edukacja\/wp-json\/wp\/v2\/comments?post=133"}],"version-history":[{"count":2,"href":"https:\/\/www.lkavalon.com\/content\/edukacja\/wp-json\/wp\/v2\/pages\/133\/revisions"}],"predecessor-version":[{"id":535,"href":"https:\/\/www.lkavalon.com\/content\/edukacja\/wp-json\/wp\/v2\/pages\/133\/revisions\/535"}],"wp:attachment":[{"href":"https:\/\/www.lkavalon.com\/content\/edukacja\/wp-json\/wp\/v2\/media?parent=133"}],"curies":[{"name":"wp","href":"https:\/\/api.w.org\/{rel}","templated":true}]}}