{"id":10,"date":"2015-01-15T08:38:26","date_gmt":"2015-01-15T08:38:26","guid":{"rendered":"http:\/\/poruszumysl.pl\/?page_id=10"},"modified":"2025-01-28T20:59:07","modified_gmt":"2025-01-28T19:59:07","slug":"nasza-oferta","status":"publish","type":"page","link":"https:\/\/www.lkavalon.com\/content\/edukacja\/nasza-oferta\/","title":{"rendered":"Produkty"},"content":{"rendered":"\t\t<div data-elementor-type=\"wp-page\" data-elementor-id=\"10\" class=\"elementor elementor-10\">\n\t\t\t\t<div class=\"elementor-element elementor-element-fd941e2 e-flex e-con-boxed e-con e-parent\" data-id=\"fd941e2\" data-element_type=\"container\" data-e-type=\"container\">\n\t\t\t\t\t<div class=\"e-con-inner\">\n\t\t\t\t<div class=\"elementor-element elementor-element-e1c0e0f elementor-widget elementor-widget-text-editor\" data-id=\"e1c0e0f\" data-element_type=\"widget\" data-e-type=\"widget\" data-widget_type=\"text-editor.default\">\n\t\t\t\t<div class=\"elementor-widget-container\">\n\t\t\t\t\t\t\t\t\t<h1 style=\"text-align: center;\"><strong>Porusz Umys\u0142<\/strong><\/h1><h2 style=\"text-align: center;\"><strong>program og\u00f3lnorozwojowy dla dzieci<\/strong><\/h2>\t\t\t\t\t\t\t\t<\/div>\n\t\t\t\t<\/div>\n\t\t\t\t\t<\/div>\n\t\t\t\t<\/div>\n\t\t<div class=\"elementor-element elementor-element-37cebfc e-flex e-con-boxed e-con e-parent\" data-id=\"37cebfc\" data-element_type=\"container\" data-e-type=\"container\">\n\t\t\t\t\t<div class=\"e-con-inner\">\n\t\t\t\t<div class=\"elementor-element elementor-element-26c2930 elementor-widget elementor-widget-image\" data-id=\"26c2930\" data-element_type=\"widget\" data-e-type=\"widget\" data-widget_type=\"image.default\">\n\t\t\t\t<div class=\"elementor-widget-container\">\n\t\t\t\t\t\t\t\t\t\t\t\t\t\t\t<img fetchpriority=\"high\" decoding=\"async\" width=\"212\" height=\"300\" src=\"https:\/\/www.lkavalon.com\/content\/edukacja\/wp-content\/uploads\/sites\/3\/2023\/07\/Porusz-Umysl-Plus-pelny-pakiet-2D-rgb-212x300.jpg\" class=\"attachment-medium size-medium wp-image-400\" alt=\"\" srcset=\"https:\/\/www.lkavalon.com\/content\/edukacja\/wp-content\/uploads\/sites\/3\/2023\/07\/Porusz-Umysl-Plus-pelny-pakiet-2D-rgb-212x300.jpg 212w, https:\/\/www.lkavalon.com\/content\/edukacja\/wp-content\/uploads\/sites\/3\/2023\/07\/Porusz-Umysl-Plus-pelny-pakiet-2D-rgb.jpg 705w\" sizes=\"(max-width: 212px) 100vw, 212px\" \/>\t\t\t\t\t\t\t\t\t\t\t\t\t\t\t<\/div>\n\t\t\t\t<\/div>\n\t\t\t\t\t<\/div>\n\t\t\t\t<\/div>\n\t\t\t\t<section class=\"elementor-section elementor-top-section elementor-element elementor-element-15d51943 elementor-section-boxed elementor-section-height-default elementor-section-height-default\" data-id=\"15d51943\" data-element_type=\"section\" data-e-type=\"section\">\n\t\t\t\t\t\t<div class=\"elementor-container elementor-column-gap-default\">\n\t\t\t\t\t<div class=\"elementor-column elementor-col-100 elementor-top-column elementor-element elementor-element-7693262b\" data-id=\"7693262b\" data-element_type=\"column\" data-e-type=\"column\">\n\t\t\t<div class=\"elementor-widget-wrap elementor-element-populated\">\n\t\t\t\t\t\t<div class=\"elementor-element elementor-element-6ac10be8 elementor-widget elementor-widget-text-editor\" data-id=\"6ac10be8\" data-element_type=\"widget\" data-e-type=\"widget\" data-widget_type=\"text-editor.default\">\n\t\t\t\t<div class=\"elementor-widget-container\">\n\t\t\t\t\t\t\t\t\t<div><span style=\"font-size: 15px; color: var( --e-global-color-text );\">\u00a0<\/span><\/div><p><span style=\"font-size: 15px; color: var( --e-global-color-text );\">Jest wynikiem zbierania wieloletnich do\u015bwiadcze\u0144 w pracy z dzie\u0107mi i m\u0142odzie\u017c\u0105 w r\u00f3\u017cnym wieku, ze specyficznymi i specjalnymi potrzebami edukacyjnymi jak r\u00f3wnie\u017c z dzie\u0107mi wybitnie zdolnymi. Oparty jest o wiedz\u0119 teoretyczn\u0105 zawart\u0105 w wielu publikacjach naukowych na temat rozwoju dzieci oraz o metody i formy pracy wypracowane przez autork\u0119. G\u0142\u00f3wn\u0105 koncepcj\u0105 jest Trening Globalny Wspierania Rozwoju dzieci i m\u0142odzie\u017cy. Program komputerowy realizuje zadania Treningu Globalnego i zawarty jest w jego strukturze. Traktowany jest jako narz\u0119dzie pomocnicze do osi\u0105gania sukcesu, jakim jest wszechstronny rozw\u00f3j ucznia i jego umiej\u0119tno\u015bci.<\/span><\/p><p><a href=\"https:\/\/www.lkavalon.com\/content\/edukacja\/porusz-umysl\/\" target=\"_blank\" rel=\"noopener\">Czytaj dalej&#8230;<\/a><\/p>\t\t\t\t\t\t\t\t<\/div>\n\t\t\t\t<\/div>\n\t\t\t\t\t<\/div>\n\t\t<\/div>\n\t\t\t\t\t<\/div>\n\t\t<\/section>\n\t\t\t\t<section class=\"elementor-section elementor-top-section elementor-element elementor-element-46b51b1 elementor-section-boxed elementor-section-height-default elementor-section-height-default\" data-id=\"46b51b1\" data-element_type=\"section\" data-e-type=\"section\">\n\t\t\t\t\t\t<div class=\"elementor-container elementor-column-gap-default\">\n\t\t\t\t\t<div class=\"elementor-column elementor-col-100 elementor-top-column elementor-element elementor-element-0c46b01\" data-id=\"0c46b01\" data-element_type=\"column\" data-e-type=\"column\">\n\t\t\t<div class=\"elementor-widget-wrap elementor-element-populated\">\n\t\t\t\t\t\t<div class=\"elementor-element elementor-element-3566d63 elementor-widget elementor-widget-video\" data-id=\"3566d63\" data-element_type=\"widget\" data-e-type=\"widget\" data-settings=\"{&quot;youtube_url&quot;:&quot;https:\\\/\\\/youtu.be\\\/vANwWdqmLVY&quot;,&quot;video_type&quot;:&quot;youtube&quot;,&quot;controls&quot;:&quot;yes&quot;}\" data-widget_type=\"video.default\">\n\t\t\t\t<div class=\"elementor-widget-container\">\n\t\t\t\t\t\t\t<div class=\"elementor-wrapper elementor-open-inline\">\n\t\t\t<div class=\"elementor-video\"><\/div>\t\t<\/div>\n\t\t\t\t\t\t<\/div>\n\t\t\t\t<\/div>\n\t\t\t\t\t<\/div>\n\t\t<\/div>\n\t\t\t\t\t<\/div>\n\t\t<\/section>\n\t\t<div class=\"elementor-element elementor-element-5c91bc1 e-flex e-con-boxed e-con e-parent\" data-id=\"5c91bc1\" data-element_type=\"container\" data-e-type=\"container\">\n\t\t\t\t\t<div class=\"e-con-inner\">\n\t\t\t\t<div class=\"elementor-element elementor-element-5984727 elementor-widget-divider--view-line elementor-widget elementor-widget-divider\" data-id=\"5984727\" data-element_type=\"widget\" data-e-type=\"widget\" data-widget_type=\"divider.default\">\n\t\t\t\t<div class=\"elementor-widget-container\">\n\t\t\t\t\t\t\t<div class=\"elementor-divider\">\n\t\t\t<span class=\"elementor-divider-separator\">\n\t\t\t\t\t\t<\/span>\n\t\t<\/div>\n\t\t\t\t\t\t<\/div>\n\t\t\t\t<\/div>\n\t\t\t\t\t<\/div>\n\t\t\t\t<\/div>\n\t\t<div class=\"elementor-element elementor-element-e1cbe3e e-flex e-con-boxed e-con e-parent\" data-id=\"e1cbe3e\" data-element_type=\"container\" data-e-type=\"container\">\n\t\t\t\t\t<div class=\"e-con-inner\">\n\t\t\t\t<div class=\"elementor-element elementor-element-ba52857 elementor-widget elementor-widget-text-editor\" data-id=\"ba52857\" data-element_type=\"widget\" data-e-type=\"widget\" data-widget_type=\"text-editor.default\">\n\t\t\t\t<div class=\"elementor-widget-container\">\n\t\t\t\t\t\t\t\t\t<h1>\u00a0<\/h1><h1 style=\"font-style: normal; text-align: center;\"><span style=\"font-weight: bold;\">PROGRES<\/span><\/h1><h2 style=\"font-style: normal; text-align: center;\"><span style=\"font-weight: bold;\">komputerowy program wspieraj\u0105cy rozw\u00f3j<\/span><\/h2>\t\t\t\t\t\t\t\t<\/div>\n\t\t\t\t<\/div>\n\t\t\t\t\t<\/div>\n\t\t\t\t<\/div>\n\t\t<div class=\"elementor-element elementor-element-fb08dd2 e-flex e-con-boxed e-con e-parent\" data-id=\"fb08dd2\" data-element_type=\"container\" data-e-type=\"container\">\n\t\t\t\t\t<div class=\"e-con-inner\">\n\t\t\t\t<div class=\"elementor-element elementor-element-dcc3581 elementor-widget elementor-widget-image\" data-id=\"dcc3581\" data-element_type=\"widget\" data-e-type=\"widget\" data-widget_type=\"image.default\">\n\t\t\t\t<div class=\"elementor-widget-container\">\n\t\t\t\t\t\t\t\t\t\t\t\t\t\t\t<img decoding=\"async\" width=\"211\" height=\"300\" src=\"https:\/\/www.lkavalon.com\/content\/edukacja\/wp-content\/uploads\/sites\/3\/2023\/07\/Progres-Pelny-pakiet-Digital-2D-rgb-211x300.jpg\" class=\"attachment-medium size-medium wp-image-401\" alt=\"\" srcset=\"https:\/\/www.lkavalon.com\/content\/edukacja\/wp-content\/uploads\/sites\/3\/2023\/07\/Progres-Pelny-pakiet-Digital-2D-rgb-211x300.jpg 211w, https:\/\/www.lkavalon.com\/content\/edukacja\/wp-content\/uploads\/sites\/3\/2023\/07\/Progres-Pelny-pakiet-Digital-2D-rgb.jpg 702w\" sizes=\"(max-width: 211px) 100vw, 211px\" \/>\t\t\t\t\t\t\t\t\t\t\t\t\t\t\t<\/div>\n\t\t\t\t<\/div>\n\t\t\t\t\t<\/div>\n\t\t\t\t<\/div>\n\t\t\t\t<section class=\"elementor-section elementor-top-section elementor-element elementor-element-c081c86 elementor-section-boxed elementor-section-height-default elementor-section-height-default\" data-id=\"c081c86\" data-element_type=\"section\" data-e-type=\"section\">\n\t\t\t\t\t\t<div class=\"elementor-container elementor-column-gap-default\">\n\t\t\t\t\t<div class=\"elementor-column elementor-col-100 elementor-top-column elementor-element elementor-element-926dd2b\" data-id=\"926dd2b\" data-element_type=\"column\" data-e-type=\"column\">\n\t\t\t<div class=\"elementor-widget-wrap elementor-element-populated\">\n\t\t\t\t\t\t<div class=\"elementor-element elementor-element-e1d94f8 elementor-widget elementor-widget-text-editor\" data-id=\"e1d94f8\" data-element_type=\"widget\" data-e-type=\"widget\" data-widget_type=\"text-editor.default\">\n\t\t\t\t<div class=\"elementor-widget-container\">\n\t\t\t\t\t\t\t\t\t<p class=\"western\" lang=\"pl-PL\" style=\"font-size: 15px; font-style: normal; font-weight: 400;\">Program komputerowy Wspomagaj\u0105cy Rozw\u00f3j narodzi\u0142 si\u0119 z wiedzy, do\u015bwiadcze\u0144 w pracy i obserwacji rozwoju dzieci. Wspomaga rozw\u00f3j psychoruchowy dzieci i m\u0142odzie\u017cy. Kierowany jest do wszystkich uczni\u00f3w w wieku 6-15 lat w celu podniesienia umiej\u0119tno\u015bci szkolnych, zapobiegania deficytom, osi\u0105gania sukces\u00f3w, podnoszenia motywacji do zdobywania wiedzy w spos\u00f3b szybki i trwa\u0142y. \u0106wiczenia i zadania s\u0105 form\u0105 treningu, kt\u00f3ry wydobywa potencja\u0142 intelektualny dziecka i rozwija go wszechstronnie&#8230;<br \/><a style=\"font-size: 15px; font-style: normal; font-weight: 400;\" href=\"https:\/\/www.lkavalon.com\/content\/edukacja\/progres\/\" target=\"_blank\" rel=\"noopener\">Czytaj dalej&#8230;<\/a><\/p>\t\t\t\t\t\t\t\t<\/div>\n\t\t\t\t<\/div>\n\t\t\t\t\t<\/div>\n\t\t<\/div>\n\t\t\t\t\t<\/div>\n\t\t<\/section>\n\t\t\t\t<section class=\"elementor-section elementor-top-section elementor-element elementor-element-db0eed8 elementor-section-boxed elementor-section-height-default elementor-section-height-default\" data-id=\"db0eed8\" data-element_type=\"section\" data-e-type=\"section\">\n\t\t\t\t\t\t<div class=\"elementor-container elementor-column-gap-default\">\n\t\t\t\t\t<div class=\"elementor-column elementor-col-100 elementor-top-column elementor-element elementor-element-b072213\" data-id=\"b072213\" data-element_type=\"column\" data-e-type=\"column\">\n\t\t\t<div class=\"elementor-widget-wrap elementor-element-populated\">\n\t\t\t\t\t\t<div class=\"elementor-element elementor-element-fd67e8f elementor-widget elementor-widget-video\" data-id=\"fd67e8f\" data-element_type=\"widget\" data-e-type=\"widget\" data-settings=\"{&quot;youtube_url&quot;:&quot;https:\\\/\\\/youtu.be\\\/JtC3YrNc6y0&quot;,&quot;video_type&quot;:&quot;youtube&quot;,&quot;controls&quot;:&quot;yes&quot;}\" data-widget_type=\"video.default\">\n\t\t\t\t<div class=\"elementor-widget-container\">\n\t\t\t\t\t\t\t<div class=\"elementor-wrapper elementor-open-inline\">\n\t\t\t<div class=\"elementor-video\"><\/div>\t\t<\/div>\n\t\t\t\t\t\t<\/div>\n\t\t\t\t<\/div>\n\t\t\t\t\t<\/div>\n\t\t<\/div>\n\t\t\t\t\t<\/div>\n\t\t<\/section>\n\t\t<div class=\"elementor-element elementor-element-79495bf e-flex e-con-boxed e-con e-parent\" data-id=\"79495bf\" data-element_type=\"container\" data-e-type=\"container\">\n\t\t\t\t\t<div class=\"e-con-inner\">\n\t\t\t\t<div class=\"elementor-element elementor-element-df0475c elementor-widget-divider--view-line elementor-widget elementor-widget-divider\" data-id=\"df0475c\" data-element_type=\"widget\" data-e-type=\"widget\" data-widget_type=\"divider.default\">\n\t\t\t\t<div class=\"elementor-widget-container\">\n\t\t\t\t\t\t\t<div class=\"elementor-divider\">\n\t\t\t<span class=\"elementor-divider-separator\">\n\t\t\t\t\t\t<\/span>\n\t\t<\/div>\n\t\t\t\t\t\t<\/div>\n\t\t\t\t<\/div>\n\t\t\t\t\t<\/div>\n\t\t\t\t<\/div>\n\t\t<div class=\"elementor-element elementor-element-72def8b e-flex e-con-boxed e-con e-parent\" data-id=\"72def8b\" data-element_type=\"container\" data-e-type=\"container\">\n\t\t\t\t\t<div class=\"e-con-inner\">\n\t\t\t\t<div class=\"elementor-element elementor-element-25985e4 elementor-widget elementor-widget-text-editor\" data-id=\"25985e4\" data-element_type=\"widget\" data-e-type=\"widget\" data-widget_type=\"text-editor.default\">\n\t\t\t\t<div class=\"elementor-widget-container\">\n\t\t\t\t\t\t\t\t\t<h1>\u00a0<\/h1><h1 style=\"font-style: normal; text-align: center;\"><strong style=\"font-size: 30px;\">MATEMATYCZNE PRZYGODY<\/strong><\/h1><h2 style=\"font-style: normal; text-align: center;\"><strong style=\"font-size: 30px;\">program rozwijaj\u0105cy zdolno\u015bci matematyczne<\/strong><\/h2>\t\t\t\t\t\t\t\t<\/div>\n\t\t\t\t<\/div>\n\t\t\t\t\t<\/div>\n\t\t\t\t<\/div>\n\t\t<div class=\"elementor-element elementor-element-79e3ccd e-flex e-con-boxed e-con e-parent\" data-id=\"79e3ccd\" data-element_type=\"container\" data-e-type=\"container\">\n\t\t\t\t\t<div class=\"e-con-inner\">\n\t\t\t\t<div class=\"elementor-element elementor-element-4478e1e elementor-widget elementor-widget-image\" data-id=\"4478e1e\" data-element_type=\"widget\" data-e-type=\"widget\" data-widget_type=\"image.default\">\n\t\t\t\t<div class=\"elementor-widget-container\">\n\t\t\t\t\t\t\t\t\t\t\t\t\t\t\t<img decoding=\"async\" width=\"214\" height=\"300\" src=\"https:\/\/www.lkavalon.com\/content\/edukacja\/wp-content\/uploads\/sites\/3\/2023\/07\/Matematyczne-Przygody-2D-RGB-214x300.jpg\" class=\"attachment-medium size-medium wp-image-402\" alt=\"\" srcset=\"https:\/\/www.lkavalon.com\/content\/edukacja\/wp-content\/uploads\/sites\/3\/2023\/07\/Matematyczne-Przygody-2D-RGB-214x300.jpg 214w, https:\/\/www.lkavalon.com\/content\/edukacja\/wp-content\/uploads\/sites\/3\/2023\/07\/Matematyczne-Przygody-2D-RGB.jpg 712w\" sizes=\"(max-width: 214px) 100vw, 214px\" \/>\t\t\t\t\t\t\t\t\t\t\t\t\t\t\t<\/div>\n\t\t\t\t<\/div>\n\t\t\t\t\t<\/div>\n\t\t\t\t<\/div>\n\t\t\t\t<section class=\"elementor-section elementor-top-section elementor-element elementor-element-aa95888 elementor-section-boxed elementor-section-height-default elementor-section-height-default\" data-id=\"aa95888\" data-element_type=\"section\" data-e-type=\"section\">\n\t\t\t\t\t\t<div class=\"elementor-container elementor-column-gap-default\">\n\t\t\t\t\t<div class=\"elementor-column elementor-col-100 elementor-top-column elementor-element elementor-element-fce4674\" data-id=\"fce4674\" data-element_type=\"column\" data-e-type=\"column\">\n\t\t\t<div class=\"elementor-widget-wrap elementor-element-populated\">\n\t\t\t\t\t\t<div class=\"elementor-element elementor-element-0d6d92b elementor-widget elementor-widget-text-editor\" data-id=\"0d6d92b\" data-element_type=\"widget\" data-e-type=\"widget\" data-widget_type=\"text-editor.default\">\n\t\t\t\t<div class=\"elementor-widget-container\">\n\t\t\t\t\t\t\t\t\t<p style=\"font-size: 15px; font-style: normal; font-weight: 400;\">Nowatorsko opracowane i zrealizowane zadania pozwalaj\u0105 pozna\u0107 i polubi\u0107 \u015bwiat matematyki. Kierowany jest do uczni\u00f3w m\u0142odszych klas szk\u00f3\u0142 podstawowych oraz uczni\u00f3w starszych, kt\u00f3rzy potrzebuj\u0105 rozwin\u0105\u0107 lub utrwali\u0107 swoje zdolno\u015bci matematyczne. \u0106wiczenia maj\u0105 a\u017c cztery stopnie trudno\u015bci dopasowane do podstaw programowych nauki matematyki w klasach 1-3. Najtrudniejszy \u2013 czwarty poziom \u2013 jest przeznaczony dla bardziej zaawansowanych lub starszych uczni\u00f3w&#8230;<\/p><p style=\"font-size: 15px; font-style: normal; font-weight: 400;\"><a href=\"https:\/\/www.lkavalon.com\/content\/edukacja\/matematyczne-przygody\/\" target=\"_blank\" rel=\"noopener\">Czytaj dalej&#8230;<\/a><\/p>\t\t\t\t\t\t\t\t<\/div>\n\t\t\t\t<\/div>\n\t\t\t\t\t<\/div>\n\t\t<\/div>\n\t\t\t\t\t<\/div>\n\t\t<\/section>\n\t\t\t\t<section class=\"elementor-section elementor-top-section elementor-element elementor-element-5d8a7b6 elementor-section-boxed elementor-section-height-default elementor-section-height-default\" data-id=\"5d8a7b6\" data-element_type=\"section\" data-e-type=\"section\">\n\t\t\t\t\t\t<div class=\"elementor-container elementor-column-gap-default\">\n\t\t\t\t\t<div class=\"elementor-column elementor-col-100 elementor-top-column elementor-element elementor-element-166b86a\" data-id=\"166b86a\" data-element_type=\"column\" data-e-type=\"column\">\n\t\t\t<div class=\"elementor-widget-wrap elementor-element-populated\">\n\t\t\t\t\t\t<div class=\"elementor-element elementor-element-487a8a0 elementor-widget elementor-widget-video\" data-id=\"487a8a0\" data-element_type=\"widget\" data-e-type=\"widget\" data-settings=\"{&quot;youtube_url&quot;:&quot;https:\\\/\\\/youtu.be\\\/yvv8z8mNiZ0&quot;,&quot;video_type&quot;:&quot;youtube&quot;,&quot;controls&quot;:&quot;yes&quot;}\" data-widget_type=\"video.default\">\n\t\t\t\t<div class=\"elementor-widget-container\">\n\t\t\t\t\t\t\t<div class=\"elementor-wrapper elementor-open-inline\">\n\t\t\t<div class=\"elementor-video\"><\/div>\t\t<\/div>\n\t\t\t\t\t\t<\/div>\n\t\t\t\t<\/div>\n\t\t\t\t\t<\/div>\n\t\t<\/div>\n\t\t\t\t\t<\/div>\n\t\t<\/section>\n\t\t\t\t<\/div>\n\t\t","protected":false},"excerpt":{"rendered":"<p>Porusz Umys\u0142 program og\u00f3lnorozwojowy dla dzieci \u00a0 Jest wynikiem zbierania wieloletnich do\u015bwiadcze\u0144 w pracy z dzie\u0107mi i m\u0142odzie\u017c\u0105 w r\u00f3\u017cnym wieku, ze specyficznymi i specjalnymi potrzebami edukacyjnymi jak r\u00f3wnie\u017c z dzie\u0107mi wybitnie zdolnymi. Oparty jest o wiedz\u0119 teoretyczn\u0105 zawart\u0105 w wielu publikacjach naukowych na temat rozwoju dzieci oraz o metody i formy pracy wypracowane przez [&hellip;]<\/p>\n","protected":false},"author":1,"featured_media":0,"parent":0,"menu_order":1,"comment_status":"closed","ping_status":"closed","template":"","meta":{"tpgb_global_settings":"","footnotes":""},"class_list":["post-10","page","type-page","status-publish","hentry"],"tpgb_featured_images":null,"tpgb_post_meta_info":{"get_date":"2015-01-15","get_modified_date":"2025-01-28","author_name":"admin","author_url":"https:\/\/www.lkavalon.com\/content\/edukacja\/author\/admin\/","author_email":"ml@lkavalon.com","author_website":"http:\/\/www.lkavalon.com\/content","author_description":"","author_facebook":"","author_twitter":"","author_instagram":"","author_role":["administrator"],"author_firstname":"","author_lastname":"","user_login":"xti1d2","author_avatar":"<img alt='' src='https:\/\/secure.gravatar.com\/avatar\/d186a042c5db02fd2fbe3d0e9f984ca50903fc94816bca1731e222a8bb2f9ce9?s=200&#038;d=mm&#038;r=g' srcset='https:\/\/secure.gravatar.com\/avatar\/d186a042c5db02fd2fbe3d0e9f984ca50903fc94816bca1731e222a8bb2f9ce9?s=400&#038;d=mm&#038;r=g 2x' class='avatar avatar-200 photo' height='200' width='200' decoding='async'\/>","author_avatar_url":"https:\/\/secure.gravatar.com\/avatar\/d186a042c5db02fd2fbe3d0e9f984ca50903fc94816bca1731e222a8bb2f9ce9?s=96&d=mm&r=g","comment_count":0,"post_likes":0,"post_views":0},"tpgb_post_category":[],"_links":{"self":[{"href":"https:\/\/www.lkavalon.com\/content\/edukacja\/wp-json\/wp\/v2\/pages\/10","targetHints":{"allow":["GET"]}}],"collection":[{"href":"https:\/\/www.lkavalon.com\/content\/edukacja\/wp-json\/wp\/v2\/pages"}],"about":[{"href":"https:\/\/www.lkavalon.com\/content\/edukacja\/wp-json\/wp\/v2\/types\/page"}],"author":[{"embeddable":true,"href":"https:\/\/www.lkavalon.com\/content\/edukacja\/wp-json\/wp\/v2\/users\/1"}],"replies":[{"embeddable":true,"href":"https:\/\/www.lkavalon.com\/content\/edukacja\/wp-json\/wp\/v2\/comments?post=10"}],"version-history":[{"count":76,"href":"https:\/\/www.lkavalon.com\/content\/edukacja\/wp-json\/wp\/v2\/pages\/10\/revisions"}],"predecessor-version":[{"id":626,"href":"https:\/\/www.lkavalon.com\/content\/edukacja\/wp-json\/wp\/v2\/pages\/10\/revisions\/626"}],"wp:attachment":[{"href":"https:\/\/www.lkavalon.com\/content\/edukacja\/wp-json\/wp\/v2\/media?parent=10"}],"curies":[{"name":"wp","href":"https:\/\/api.w.org\/{rel}","templated":true}]}}