{"id":49,"date":"2015-02-19T12:02:34","date_gmt":"2015-02-19T12:02:34","guid":{"rendered":"http:\/\/komputerowydietetyk.pl\/main\/?page_id=49"},"modified":"2025-03-04T20:44:32","modified_gmt":"2025-03-04T19:44:32","slug":"szczegolowy-opis","status":"publish","type":"page","link":"https:\/\/www.lkavalon.com\/content\/dietetyk\/szczegolowy-opis\/","title":{"rendered":"Szczeg\u00f3\u0142owy opis"},"content":{"rendered":"\n<figure class=\"wp-block-image size-large\"><img loading=\"lazy\" decoding=\"async\" width=\"1024\" height=\"341\" src=\"https:\/\/www.lkavalon.com\/content\/dietetyk\/wp-content\/uploads\/sites\/6\/2025\/03\/Diet_baner_4_1200x400-1024x341.jpg\" alt=\"\" class=\"wp-image-191\" srcset=\"https:\/\/www.lkavalon.com\/content\/dietetyk\/wp-content\/uploads\/sites\/6\/2025\/03\/Diet_baner_4_1200x400-1024x341.jpg 1024w, https:\/\/www.lkavalon.com\/content\/dietetyk\/wp-content\/uploads\/sites\/6\/2025\/03\/Diet_baner_4_1200x400-300x100.jpg 300w, https:\/\/www.lkavalon.com\/content\/dietetyk\/wp-content\/uploads\/sites\/6\/2025\/03\/Diet_baner_4_1200x400-768x256.jpg 768w, https:\/\/www.lkavalon.com\/content\/dietetyk\/wp-content\/uploads\/sites\/6\/2025\/03\/Diet_baner_4_1200x400.jpg 1200w\" sizes=\"auto, (max-width: 1024px) 100vw, 1024px\" \/><\/figure>\n\n\n<h5><strong>Kalendarz<\/strong><\/h5>\n<p><img loading=\"lazy\" decoding=\"async\" class=\"wp-image-74  alignright\" src=\"https:\/\/www.lkavalon.com\/content\/dietetyk\/wp-content\/uploads\/sites\/6\/2015\/02\/Komputerowy_dietetyk_kalendarz_1-300x175.jpg\" alt=\"\" width=\"303\" height=\"177\" srcset=\"https:\/\/www.lkavalon.com\/content\/dietetyk\/wp-content\/uploads\/sites\/6\/2015\/02\/Komputerowy_dietetyk_kalendarz_1-300x175.jpg 300w, https:\/\/www.lkavalon.com\/content\/dietetyk\/wp-content\/uploads\/sites\/6\/2015\/02\/Komputerowy_dietetyk_kalendarz_1-1024x597.jpg 1024w, https:\/\/www.lkavalon.com\/content\/dietetyk\/wp-content\/uploads\/sites\/6\/2015\/02\/Komputerowy_dietetyk_kalendarz_1-768x448.jpg 768w, https:\/\/www.lkavalon.com\/content\/dietetyk\/wp-content\/uploads\/sites\/6\/2015\/02\/Komputerowy_dietetyk_kalendarz_1.jpg 1440w\" sizes=\"auto, (max-width: 303px) 100vw, 303px\" \/>Wbudowany kalendarz umo\u017cliwia przedstawienie wybranych wielko\u015bci na przestrzeni ca\u0142ych miesi\u0119cy. Dla ka\u017cdego wskazanego dnia program automatycznie tworzy i wy\u015bwietla na ekranie zestawienie dzienne zawieraj\u0105ce sumy spo\u017cytych wielko\u015bci, bilans energetyczny dnia z uwzgl\u0119dnieniem aktywno\u015bci fizycznej, oblicza efektywno\u015b\u0107 odchudzania oraz zmiany wagi w najbli\u017cszym okresie przy zachowaniu analogicznego bilansu energetycznego. Dla diabetyk\u00f3w pokazuje te\u017c minimalny, maksymalny i \u015bredni poziom glukozy, ilo\u015b\u0107 pomiar\u00f3w, a tak\u017ce dzienn\u0105 dawk\u0119 insuliny.<\/p>\n<h5><strong>Baza artyku\u0142\u00f3w<\/strong><\/h5>\n<p><img loading=\"lazy\" decoding=\"async\" class=\"wp-image-99  alignleft\" src=\"https:\/\/www.lkavalon.com\/content\/dietetyk\/wp-content\/uploads\/sites\/6\/2015\/02\/Komputerowy_dietetyk_baza_art-300x188.jpg\" alt=\"\" width=\"302\" height=\"189\" srcset=\"https:\/\/www.lkavalon.com\/content\/dietetyk\/wp-content\/uploads\/sites\/6\/2015\/02\/Komputerowy_dietetyk_baza_art-300x188.jpg 300w, https:\/\/www.lkavalon.com\/content\/dietetyk\/wp-content\/uploads\/sites\/6\/2015\/02\/Komputerowy_dietetyk_baza_art-1024x640.jpg 1024w, https:\/\/www.lkavalon.com\/content\/dietetyk\/wp-content\/uploads\/sites\/6\/2015\/02\/Komputerowy_dietetyk_baza_art-768x480.jpg 768w, https:\/\/www.lkavalon.com\/content\/dietetyk\/wp-content\/uploads\/sites\/6\/2015\/02\/Komputerowy_dietetyk_baza_art.jpg 1440w\" sizes=\"auto, (max-width: 302px) 100vw, 302px\" \/> Zawiera obszern\u0105 baz\u0119 ponad 2200 produkt\u00f3w i artyku\u0142\u00f3w. Dla ka\u017cdego z nich podaje zawarto\u015b\u0107 kalorii, bia\u0142ka, t\u0142uszczu, w\u0119glowodan\u00f3w, wymiennik\u00f3w w\u0119glowodanowych WW i bia\u0142kowo-t\u0142uszczowych WBT. List\u0119 mo\u017cna dowolnie zmienia\u0107, rozszerza\u0107 i uzupe\u0142nia\u0107. Produkty jednosk\u0142adnikowe, o znanych parametrach mo\u017cna wprowadza\u0107 bezpo\u015brednio. Produkty z\u0142o\u017cone i posi\u0142ki mo\u017cna komponowa\u0107 samemu i zapisywa\u0107 pod w\u0142asn\u0105 nazw\u0105. Baz\u0119 mo\u017cna uzupe\u0142nia\u0107 nowymi artyku\u0142ami zar\u00f3wno samodzielnie jak i przez wymian\u0119 z innymi u\u017cytkownikami programu.<\/p>\n<h5><strong>Rejestracja posi\u0142k\u00f3w<\/strong><\/h5>\n<p><img loading=\"lazy\" decoding=\"async\" class=\"wp-image-101 size-medium alignright\" src=\"https:\/\/www.lkavalon.com\/content\/dietetyk\/wp-content\/uploads\/sites\/6\/2015\/02\/Komputerowy_dietetyk_rejestracja_pos_2-300x175.jpg\" alt=\"\" width=\"300\" height=\"175\" srcset=\"https:\/\/www.lkavalon.com\/content\/dietetyk\/wp-content\/uploads\/sites\/6\/2015\/02\/Komputerowy_dietetyk_rejestracja_pos_2-300x175.jpg 300w, https:\/\/www.lkavalon.com\/content\/dietetyk\/wp-content\/uploads\/sites\/6\/2015\/02\/Komputerowy_dietetyk_rejestracja_pos_2-1024x597.jpg 1024w, https:\/\/www.lkavalon.com\/content\/dietetyk\/wp-content\/uploads\/sites\/6\/2015\/02\/Komputerowy_dietetyk_rejestracja_pos_2-768x448.jpg 768w, https:\/\/www.lkavalon.com\/content\/dietetyk\/wp-content\/uploads\/sites\/6\/2015\/02\/Komputerowy_dietetyk_rejestracja_pos_2.jpg 1440w\" sizes=\"auto, (max-width: 300px) 100vw, 300px\" \/><\/p>\n<p>Umo\u017cliwia komponowanie posi\u0142k\u00f3w na podstawie pe\u0142nej biblioteki artyku\u0142\u00f3w spo\u017cywczych. Program zapewnia wygodn\u0105 rejestracj\u0119 i planowanie spo\u017cywanych posi\u0142k\u00f3w. Automatycznie oblicza ilo\u015b\u0107 kalorii, bia\u0142ka,\u00a0t\u0142uszcz\u00f3w, w\u0119glowodan\u00f3w, WW i WBT zawartych w posi\u0142kach. Por\u00f3wnuj\u0105c z okre\u015blonymi przez u\u017cytkownika dziennym limitami wskazuje niedobory i nadwy\u017cki w podziale zar\u00f3wno na kontrolowane wielko\u015bci jak i poszczeg\u00f3lne posi\u0142ki. Wszystkie wprowadzone do programu informacje s\u0105 zapami\u0119tywane, mo\u017cna wi\u0119c \u0142atwo przegl\u0105da\u0107 histori\u0119 \u017cywienia. Program automatycznie pokazuje podsumowania dzienne zawieraj\u0105ce najwa\u017cniejsze informacje na temat spo\u017cycia kontrolowanych wielko\u015bci. Ka\u017cdy u\u017cytkownik mo\u017ce \u0142atwo stworzy\u0107 katalog ulubionych posi\u0142k\u00f3w, z kt\u00f3rych potem szybko komponuje menu na kolejne dni.<\/p>\n<h5><strong>Rejestracja aktywno\u015bci fizycznej<\/strong><\/h5>\n<p><\/p>\n<figure class=\"wp-block-image size-large\"><img loading=\"lazy\" decoding=\"async\" class=\"wp-image-79 alignleft\" src=\"https:\/\/www.lkavalon.com\/content\/dietetyk\/wp-content\/uploads\/sites\/6\/2015\/02\/Komputerowy_dietetyk_rejestracja_cwiczen-1024x640.jpg\" alt=\"\" width=\"302\" height=\"189\" srcset=\"https:\/\/www.lkavalon.com\/content\/dietetyk\/wp-content\/uploads\/sites\/6\/2015\/02\/Komputerowy_dietetyk_rejestracja_cwiczen-1024x640.jpg 1024w, https:\/\/www.lkavalon.com\/content\/dietetyk\/wp-content\/uploads\/sites\/6\/2015\/02\/Komputerowy_dietetyk_rejestracja_cwiczen-300x188.jpg 300w, https:\/\/www.lkavalon.com\/content\/dietetyk\/wp-content\/uploads\/sites\/6\/2015\/02\/Komputerowy_dietetyk_rejestracja_cwiczen-768x480.jpg 768w, https:\/\/www.lkavalon.com\/content\/dietetyk\/wp-content\/uploads\/sites\/6\/2015\/02\/Komputerowy_dietetyk_rejestracja_cwiczen.jpg 1440w\" sizes=\"auto, (max-width: 302px) 100vw, 302px\" \/><\/figure>\n<p><\/p>\n<p>Dysponuj\u0105c baz\u0105 ponad 140 \u0107wicze\u0144 i aktywno\u015bci fizycznych program pozwala zapisywa\u0107 wykonane \u0107wiczenia i aktywno\u015bci. Automatycznie przelicza je na spalone kalorie, dzi\u0119ki czemu dla ka\u017cdego dnia oblicza pe\u0142ny bilans energetyczny uwzgl\u0119dniaj\u0105cy zar\u00f3wno spo\u017cyte posi\u0142ki jak i aktywno\u015b\u0107. Dost\u0119pn\u0105 w programie baz\u0119 \u0107wicze\u0144 mo\u017cna \u0142atwo zmienia\u0107 oraz dopisywa\u0107 nowe aktywno\u015bci. Podobnie jak ma to miejsce przy rejestracji posi\u0142k\u00f3w, tak i rejestracja \u0107wicze\u0144 daje pe\u0142n\u0105 mo\u017cliwo\u015b\u0107 przegl\u0105dania historii aktywno\u015bci.<\/p>\n<h5><strong>Diabetyka<\/strong><\/h5>\n<p><img loading=\"lazy\" decoding=\"async\" class=\"wp-image-73 size-medium alignright\" src=\"https:\/\/www.lkavalon.com\/content\/dietetyk\/wp-content\/uploads\/sites\/6\/2015\/02\/Komputerowy_dietetyk_diabetyka-300x175.jpg\" alt=\"\" width=\"300\" height=\"175\" srcset=\"https:\/\/www.lkavalon.com\/content\/dietetyk\/wp-content\/uploads\/sites\/6\/2015\/02\/Komputerowy_dietetyk_diabetyka-300x175.jpg 300w, https:\/\/www.lkavalon.com\/content\/dietetyk\/wp-content\/uploads\/sites\/6\/2015\/02\/Komputerowy_dietetyk_diabetyka-1024x597.jpg 1024w, https:\/\/www.lkavalon.com\/content\/dietetyk\/wp-content\/uploads\/sites\/6\/2015\/02\/Komputerowy_dietetyk_diabetyka-768x448.jpg 768w, https:\/\/www.lkavalon.com\/content\/dietetyk\/wp-content\/uploads\/sites\/6\/2015\/02\/Komputerowy_dietetyk_diabetyka.jpg 1440w\" sizes=\"auto, (max-width: 300px) 100vw, 300px\" \/><\/p>\n<p>Modu\u0142 Diabetyki pozwala rejestrowa\u0107 i kontrolowa\u0107 poziom glukozy we krwi oraz przyj\u0119te przez u\u017cytkownika dawki,\u00a0rodzaje i sposoby podania insulin. Program oblicza bolusy proste i przed\u0142u\u017cone pomagaj\u0105c dobra\u0107 w\u0142a\u015bciwe dawki insuliny. Tworzy raporty i podsumowania pomagaj\u0105ce kontrolowa\u0107 wielko\u015bci zwi\u0105zane z diabetyk\u0105, obliczaj\u0105c mi\u0119dzy innymi przydatne warto\u015bci statystyczne, jak warto\u015b\u0107 minimaln\u0105, maksymaln\u0105, \u015bredni\u0105, ilo\u015b\u0107 pomiar\u00f3w i odchylenie. Na jednej osi czasu pokazywane s\u0105: spo\u017cyte posi\u0142ki (przeliczone na wymienniki w\u0119glowodanowe WW i bia\u0142kowo-t\u0142uszczowe WBT), zmierzone warto\u015bci poziomu glukozy oraz przyj\u0119te dawki insulin. Pozwala to \u0142atwo kontrolowa\u0107 najwa\u017cniejsze parametry zwi\u0105zane z utrzymaniem prawid\u0142owego poziomu cukru we krwi.<\/p>\n<h5><strong>Wydruki, zestawienia, raporty<\/strong><\/h5>\n<p><img loading=\"lazy\" decoding=\"async\" class=\"wp-image-78 size-medium alignleft\" src=\"https:\/\/www.lkavalon.com\/content\/dietetyk\/wp-content\/uploads\/sites\/6\/2015\/02\/Komputerowy_dietetyk_raport_2-300x188.jpg\" alt=\"\" width=\"300\" height=\"188\" srcset=\"https:\/\/www.lkavalon.com\/content\/dietetyk\/wp-content\/uploads\/sites\/6\/2015\/02\/Komputerowy_dietetyk_raport_2-300x188.jpg 300w, https:\/\/www.lkavalon.com\/content\/dietetyk\/wp-content\/uploads\/sites\/6\/2015\/02\/Komputerowy_dietetyk_raport_2-1024x640.jpg 1024w, https:\/\/www.lkavalon.com\/content\/dietetyk\/wp-content\/uploads\/sites\/6\/2015\/02\/Komputerowy_dietetyk_raport_2-768x480.jpg 768w, https:\/\/www.lkavalon.com\/content\/dietetyk\/wp-content\/uploads\/sites\/6\/2015\/02\/Komputerowy_dietetyk_raport_2.jpg 1440w\" sizes=\"auto, (max-width: 300px) 100vw, 300px\" \/>Na ekranie i na drukarce mo\u017cna uzyska\u0107 szereg szczeg\u00f3\u0142owych wykres\u00f3w i raport\u00f3w dotycz\u0105cych kontrolowanych wielko\u015bci w podanym przez u\u017cytkownika okresie czasu. Opr\u00f3cz zestawie\u0144 przedstawiaj\u0105cych poszczeg\u00f3lne parametry \u017cywieniowe, posi\u0142ki, \u0107wiczenia, wag\u0119, bilans energetyczny i wielko\u015bci zwi\u0105zane z diabetyk\u0105, mo\u017cemy te\u017c uzyska\u0107 dok\u0142adne raporty na temat spo\u017cytych artyku\u0142\u00f3w, wykonanych \u0107wicze\u0144 fizycznych i danych diabetycznych. Funkcja ta pozwala te\u017c drukowa\u0107 przygotowane wcze\u015bniej menu na kolejne dni.<\/p>\n<h5><strong>Kalkulatory<\/strong><\/h5>\n<p><img loading=\"lazy\" decoding=\"async\" class=\"wp-image-75  alignright\" src=\"https:\/\/www.lkavalon.com\/content\/dietetyk\/wp-content\/uploads\/sites\/6\/2015\/02\/Komputerowy_dietetyk_kalkulator_brocka-300x224.jpg\" alt=\"\" width=\"304\" height=\"227\" srcset=\"https:\/\/www.lkavalon.com\/content\/dietetyk\/wp-content\/uploads\/sites\/6\/2015\/02\/Komputerowy_dietetyk_kalkulator_brocka-300x224.jpg 300w, https:\/\/www.lkavalon.com\/content\/dietetyk\/wp-content\/uploads\/sites\/6\/2015\/02\/Komputerowy_dietetyk_kalkulator_brocka.jpg 498w\" sizes=\"auto, (max-width: 304px) 100vw, 304px\" \/>Komputerowy Dietetyk jest te\u017c wyposa\u017cony w szereg kalkulator\u00f3w pozwalaj\u0105cych \u0142atwo obliczy\u0107 przydatne parametry jak: dzienne zapotrzebowanie energii, BMI, ilo\u015bci spalanych kalorii oraz wag\u0119 idealn\u0105 wed\u0142ug Lorenz\u2019a lub Brock\u2019a. Proste w u\u017cyciu stanowi\u0105 \u015bwietne uzupe\u0142nienie mo\u017cliwo\u015bci programu.<\/p>\n<h5>\u00a0<\/h5>\n<h5><strong>Wymagania sprz\u0119towe<\/strong><\/h5>\n<p>Komputer typu PC, system Windows XP\/Vista\/7\/8\/10\/11.<\/p>\n<h5><strong>Ca\u0142kowicie po polsku!<\/strong><\/h5>","protected":false},"excerpt":{"rendered":"<p>Kalendarz Wbudowany kalendarz umo\u017cliwia przedstawienie wybranych wielko\u015bci na przestrzeni ca\u0142ych miesi\u0119cy. Dla ka\u017cdego wskazanego dnia program automatycznie tworzy i wy\u015bwietla na ekranie zestawienie dzienne zawieraj\u0105ce sumy spo\u017cytych wielko\u015bci, bilans energetyczny dnia z uwzgl\u0119dnieniem aktywno\u015bci fizycznej, oblicza efektywno\u015b\u0107 odchudzania oraz zmiany <a class=\"more-link\" href=\"https:\/\/www.lkavalon.com\/content\/dietetyk\/szczegolowy-opis\/\">Read More &#8230;<\/a><\/p>\n","protected":false},"author":1,"featured_media":0,"parent":0,"menu_order":0,"comment_status":"closed","ping_status":"closed","template":"","meta":{"footnotes":""},"class_list":["post-49","page","type-page","status-publish","hentry"],"_links":{"self":[{"href":"https:\/\/www.lkavalon.com\/content\/dietetyk\/wp-json\/wp\/v2\/pages\/49","targetHints":{"allow":["GET"]}}],"collection":[{"href":"https:\/\/www.lkavalon.com\/content\/dietetyk\/wp-json\/wp\/v2\/pages"}],"about":[{"href":"https:\/\/www.lkavalon.com\/content\/dietetyk\/wp-json\/wp\/v2\/types\/page"}],"author":[{"embeddable":true,"href":"https:\/\/www.lkavalon.com\/content\/dietetyk\/wp-json\/wp\/v2\/users\/1"}],"replies":[{"embeddable":true,"href":"https:\/\/www.lkavalon.com\/content\/dietetyk\/wp-json\/wp\/v2\/comments?post=49"}],"version-history":[{"count":11,"href":"https:\/\/www.lkavalon.com\/content\/dietetyk\/wp-json\/wp\/v2\/pages\/49\/revisions"}],"predecessor-version":[{"id":223,"href":"https:\/\/www.lkavalon.com\/content\/dietetyk\/wp-json\/wp\/v2\/pages\/49\/revisions\/223"}],"wp:attachment":[{"href":"https:\/\/www.lkavalon.com\/content\/dietetyk\/wp-json\/wp\/v2\/media?parent=49"}],"curies":[{"name":"wp","href":"https:\/\/api.w.org\/{rel}","templated":true}]}}