{"id":27,"date":"2015-02-12T10:18:57","date_gmt":"2015-02-12T10:18:57","guid":{"rendered":"http:\/\/komputerowydietetyk.pl\/main\/?page_id=27"},"modified":"2025-03-04T22:19:02","modified_gmt":"2025-03-04T21:19:02","slug":"zakup","status":"publish","type":"page","link":"https:\/\/www.lkavalon.com\/content\/dietetyk\/zakup\/","title":{"rendered":"Zakup"},"content":{"rendered":"<p><img loading=\"lazy\" decoding=\"async\" class=\"alignnone size-medium wp-image-66\" src=\"https:\/\/www.lkavalon.com\/content\/dietetyk\/wp-content\/uploads\/sites\/6\/2015\/02\/Komputerowy-Dietetyk-wersja-3-2D-RGB-212x300.jpg\" alt=\"\" width=\"212\" height=\"300\" srcset=\"https:\/\/www.lkavalon.com\/content\/dietetyk\/wp-content\/uploads\/sites\/6\/2015\/02\/Komputerowy-Dietetyk-wersja-3-2D-RGB-212x300.jpg 212w, https:\/\/www.lkavalon.com\/content\/dietetyk\/wp-content\/uploads\/sites\/6\/2015\/02\/Komputerowy-Dietetyk-wersja-3-2D-RGB.jpg 566w\" sizes=\"auto, (max-width: 212px) 100vw, 212px\" \/><\/p>\n<p><i>Komputerowy Dietetyk 3.0<\/i> do u\u017cytku domowego mo\u017cna zakupi\u0107 <a href=\"https:\/\/sklep.avalon24.pl\/produkt\/zdrowie\/komputerowy-dietetyk-wersja-3\/\" target=\"_blank\" rel=\"noopener\"><strong> tutaj<\/strong><\/a>.<\/p>\n<p><strong>Dost\u0119pne s\u0105:<br \/>\n<\/strong>&#8211; wersja cyfrowa do natychmiastowego pobrania<br \/>\n&#8211; wersja pude\u0142kowa na p\u0142ycie CD<\/p>\n<p>Pe\u0142na oferta program\u00f3w edukacyjnych i multimedialnych dost\u0119pna jest w naszym sklepie internetowym<strong><a title=\"sklep\" href=\"https:\/\/avalon24.pl\" target=\"_blank\" rel=\"noopener\"> avalon24.pl<\/a><\/strong>.<\/p>\n","protected":false},"excerpt":{"rendered":"<p>Komputerowy Dietetyk 3.0 do u\u017cytku domowego mo\u017cna zakupi\u0107 tutaj. Dost\u0119pne s\u0105: &#8211; wersja cyfrowa do natychmiastowego pobrania &#8211; wersja pude\u0142kowa na p\u0142ycie CD Pe\u0142na oferta program\u00f3w edukacyjnych i multimedialnych dost\u0119pna jest w naszym sklepie internetowym avalon24.pl.<\/p>\n","protected":false},"author":1,"featured_media":0,"parent":0,"menu_order":0,"comment_status":"closed","ping_status":"closed","template":"","meta":{"footnotes":""},"class_list":["post-27","page","type-page","status-publish","hentry"],"_links":{"self":[{"href":"https:\/\/www.lkavalon.com\/content\/dietetyk\/wp-json\/wp\/v2\/pages\/27","targetHints":{"allow":["GET"]}}],"collection":[{"href":"https:\/\/www.lkavalon.com\/content\/dietetyk\/wp-json\/wp\/v2\/pages"}],"about":[{"href":"https:\/\/www.lkavalon.com\/content\/dietetyk\/wp-json\/wp\/v2\/types\/page"}],"author":[{"embeddable":true,"href":"https:\/\/www.lkavalon.com\/content\/dietetyk\/wp-json\/wp\/v2\/users\/1"}],"replies":[{"embeddable":true,"href":"https:\/\/www.lkavalon.com\/content\/dietetyk\/wp-json\/wp\/v2\/comments?post=27"}],"version-history":[{"count":9,"href":"https:\/\/www.lkavalon.com\/content\/dietetyk\/wp-json\/wp\/v2\/pages\/27\/revisions"}],"predecessor-version":[{"id":272,"href":"https:\/\/www.lkavalon.com\/content\/dietetyk\/wp-json\/wp\/v2\/pages\/27\/revisions\/272"}],"wp:attachment":[{"href":"https:\/\/www.lkavalon.com\/content\/dietetyk\/wp-json\/wp\/v2\/media?parent=27"}],"curies":[{"name":"wp","href":"https:\/\/api.w.org\/{rel}","templated":true}]}}