{"id":21,"date":"2015-02-12T09:58:36","date_gmt":"2015-02-12T09:58:36","guid":{"rendered":"http:\/\/komputerowydietetyk.pl\/main\/?page_id=21"},"modified":"2025-03-04T22:14:38","modified_gmt":"2025-03-04T21:14:38","slug":"dla-kogo","status":"publish","type":"page","link":"https:\/\/www.lkavalon.com\/content\/dietetyk\/dla-kogo\/","title":{"rendered":"Dla kogo?"},"content":{"rendered":"\n<figure class=\"wp-block-image size-large\"><img loading=\"lazy\" decoding=\"async\" width=\"1024\" height=\"341\" src=\"https:\/\/www.lkavalon.com\/content\/dietetyk\/wp-content\/uploads\/sites\/6\/2025\/02\/Diet_baner_2_1200x400-1024x341.jpg\" alt=\"\" class=\"wp-image-159\" srcset=\"https:\/\/www.lkavalon.com\/content\/dietetyk\/wp-content\/uploads\/sites\/6\/2025\/02\/Diet_baner_2_1200x400-1024x341.jpg 1024w, https:\/\/www.lkavalon.com\/content\/dietetyk\/wp-content\/uploads\/sites\/6\/2025\/02\/Diet_baner_2_1200x400-300x100.jpg 300w, https:\/\/www.lkavalon.com\/content\/dietetyk\/wp-content\/uploads\/sites\/6\/2025\/02\/Diet_baner_2_1200x400-768x256.jpg 768w, https:\/\/www.lkavalon.com\/content\/dietetyk\/wp-content\/uploads\/sites\/6\/2025\/02\/Diet_baner_2_1200x400.jpg 1200w\" sizes=\"auto, (max-width: 1024px) 100vw, 1024px\" \/><\/figure>\n\n\n<p>Komputerowy Dietetyk 3.0 to idealne narz\u0119dzie dla os\u00f3b odchudzaj\u0105cych si\u0119, diabetyk\u00f3w,\u00a0sportowc\u00f3w oraz os\u00f3b stosuj\u0105cych diety lecznicze oparte na kontroli sk\u0142adnik\u00f3w po\u017cywienia. Jest niezast\u0105piony dla os\u00f3b stosuj\u0105cych diety oparte na kontroli zawarto\u015bci w posi\u0142kach takich parametr\u00f3w jak: kalorie, bia\u0142ka, t\u0142uszcze, w\u0119glowodany, wymienniki w\u0119glowodanowe WW lub wymienniki bia\u0142kowo-t\u0142uszczowe WBT.<\/p>\n<p>Dodatkowo wersja 3.0 zosta\u0142a wzbogacona o rozbudowany modu\u0142 <strong>diabetyki<\/strong> s\u0142u\u017c\u0105cy osobom z problemami prawid\u0142owego poziomu cukru we krwi.<\/p>\n<p><iframe loading=\"lazy\" title=\"YouTube video player\" src=\"https:\/\/www.youtube.com\/embed\/ESYrvkeTAIc?si=7iRYd6KL91xmf4Zo\" width=\"560\" height=\"315\" frameborder=\"0\" allowfullscreen=\"allowfullscreen\"><\/iframe><\/p>\n<p>\u0141atwa i intuicyjna obs\u0142uga pozwala korzysta\u0107 z programu osobom w ka\u017cdym wieku. Program tworzy potrzebne podsumowania, raporty i wykresy. Pozwala planowa\u0107 menu \u017cywieniowe.<\/p>","protected":false},"excerpt":{"rendered":"<p>Komputerowy Dietetyk 3.0 to idealne narz\u0119dzie dla os\u00f3b odchudzaj\u0105cych si\u0119, diabetyk\u00f3w,\u00a0sportowc\u00f3w oraz os\u00f3b stosuj\u0105cych diety lecznicze oparte na kontroli sk\u0142adnik\u00f3w po\u017cywienia. Jest niezast\u0105piony dla os\u00f3b stosuj\u0105cych diety oparte na kontroli zawarto\u015bci w posi\u0142kach takich parametr\u00f3w jak: kalorie, bia\u0142ka, t\u0142uszcze, w\u0119glowodany, <a class=\"more-link\" href=\"https:\/\/www.lkavalon.com\/content\/dietetyk\/dla-kogo\/\">Read More &#8230;<\/a><\/p>\n","protected":false},"author":1,"featured_media":0,"parent":0,"menu_order":0,"comment_status":"closed","ping_status":"closed","template":"","meta":{"footnotes":""},"class_list":["post-21","page","type-page","status-publish","hentry"],"_links":{"self":[{"href":"https:\/\/www.lkavalon.com\/content\/dietetyk\/wp-json\/wp\/v2\/pages\/21","targetHints":{"allow":["GET"]}}],"collection":[{"href":"https:\/\/www.lkavalon.com\/content\/dietetyk\/wp-json\/wp\/v2\/pages"}],"about":[{"href":"https:\/\/www.lkavalon.com\/content\/dietetyk\/wp-json\/wp\/v2\/types\/page"}],"author":[{"embeddable":true,"href":"https:\/\/www.lkavalon.com\/content\/dietetyk\/wp-json\/wp\/v2\/users\/1"}],"replies":[{"embeddable":true,"href":"https:\/\/www.lkavalon.com\/content\/dietetyk\/wp-json\/wp\/v2\/comments?post=21"}],"version-history":[{"count":30,"href":"https:\/\/www.lkavalon.com\/content\/dietetyk\/wp-json\/wp\/v2\/pages\/21\/revisions"}],"predecessor-version":[{"id":267,"href":"https:\/\/www.lkavalon.com\/content\/dietetyk\/wp-json\/wp\/v2\/pages\/21\/revisions\/267"}],"wp:attachment":[{"href":"https:\/\/www.lkavalon.com\/content\/dietetyk\/wp-json\/wp\/v2\/media?parent=21"}],"curies":[{"name":"wp","href":"https:\/\/api.w.org\/{rel}","templated":true}]}}