{"id":135,"date":"2015-02-11T11:51:45","date_gmt":"2015-02-11T11:51:45","guid":{"rendered":"http:\/\/komputerowydietetyk.pl\/main\/?page_id=4"},"modified":"2025-03-01T10:06:36","modified_gmt":"2025-03-01T09:06:36","slug":"co-nowego","status":"publish","type":"page","link":"https:\/\/www.lkavalon.com\/content\/dietetyk\/co-nowego\/","title":{"rendered":"Cechy programu"},"content":{"rendered":"\n<figure class=\"wp-block-image size-large\"><img loading=\"lazy\" decoding=\"async\" width=\"1024\" height=\"341\" src=\"https:\/\/www.lkavalon.com\/content\/dietetyk\/wp-content\/uploads\/sites\/6\/2025\/02\/Diet_baner_3_1200x400-1024x341.jpg\" alt=\"\" class=\"wp-image-160\" srcset=\"https:\/\/www.lkavalon.com\/content\/dietetyk\/wp-content\/uploads\/sites\/6\/2025\/02\/Diet_baner_3_1200x400-1024x341.jpg 1024w, https:\/\/www.lkavalon.com\/content\/dietetyk\/wp-content\/uploads\/sites\/6\/2025\/02\/Diet_baner_3_1200x400-300x100.jpg 300w, https:\/\/www.lkavalon.com\/content\/dietetyk\/wp-content\/uploads\/sites\/6\/2025\/02\/Diet_baner_3_1200x400-768x256.jpg 768w, https:\/\/www.lkavalon.com\/content\/dietetyk\/wp-content\/uploads\/sites\/6\/2025\/02\/Diet_baner_3_1200x400.jpg 1200w\" sizes=\"auto, (max-width: 1024px) 100vw, 1024px\" \/><\/figure>\n\n\n<p>&nbsp;<\/p>\n<h4 class=\"western\" style=\"text-align: left;padding-left: 90px\" align=\"CENTER\"><span style=\"color: #333399\">Najwa\u017cniejsze cechy programu:<\/span><\/h4>\n<ul>\n<li>2200 artyku\u0142\u00f3w spo\u017cywczych w bazie<\/li>\n<li>Mo\u017cliwo\u015b\u0107 dopisywania nowych artyku\u0142\u00f3w<\/li>\n<li>Uaktualnienia bazy artyku\u0142\u00f3w<\/li>\n<li>Sortowanie wed\u0142ug wszystkich wielko\u015bci<\/li>\n<li>Do 15 posi\u0142k\u00f3w ka\u017cdego dnia<\/li>\n<li>Katalog posi\u0142k\u00f3w ulubionych<\/li>\n<li>Komponowanie i rejestracja posi\u0142k\u00f3w<\/li>\n<li>Rejestracja \u0107wicze\u0144 i aktywno\u015bci fizycznej<\/li>\n<li>140 zdefiniowanych \u0107wicze\u0144 i aktywno\u015bci<\/li>\n<li>Mo\u017cliwo\u015b\u0107 dodawania nowych aktywno\u015bci<\/li>\n<li>Dowolna dzienna ilo\u015b\u0107 wpis\u00f3w aktywno\u015bci<\/li>\n<li>Podsumowania i wykresy kontrolowanych wielko\u015bci<\/li>\n<li>Okresowe raporty posi\u0142k\u00f3w i \u0107wicze\u0144<\/li>\n<li>Wygodne opcje wizualizacji i wydruku<\/li>\n<li>Szybkie zestawienia dzienne<\/li>\n<li>Wygodny kalendarz dietetyka<\/li>\n<li>Dowolna ilo\u015b\u0107 u\u017cytkownik\u00f3w<\/li>\n<li>Personalizacja ustawie\u0144<\/li>\n<li>Archiwizacja danych<\/li>\n<li>Ustawianie kolorystyki<\/li>\n<li>Wbudowany system pomocy<\/li>\n<li>\u0141atwa obs\u0142uga<\/li>\n<li>Ca\u0142kowicie po polsku<\/li>\n<\/ul>\n<p>&nbsp;<\/p>\n<h4 style=\"padding-left: 90px\"><span style=\"color: #333399\">Kontrolowane wielko\u015bci:<\/span><\/h4>\n<ul>\n<li>Kalorie<\/li>\n<li>Bia\u0142ko<\/li>\n<li>T\u0142uszcz<\/li>\n<li>W\u0119glowodany<\/li>\n<li>Wymiennik w\u0119glowodanowy<\/li>\n<li>Wymiennik bia\u0142kowo-t\u0142uszczowy<\/li>\n<li>Poziom glukozy we krwi<\/li>\n<li>Przyj\u0119te dawki insuliny<\/li>\n<li>Aktywno\u015b\u0107 fizyczna<\/li>\n<li>Bilans energetyczny<\/li>\n<\/ul>\n<p>&nbsp;<\/p>\n<h4 style=\"padding-left: 90px\"><span style=\"color: #333399\">Diabetyka:<\/span><\/h4>\n<ul>\n<li>Rejestracja poziomu cukru<\/li>\n<li>Dob\u00f3r i rejestracja dawek insuliny<\/li>\n<li>R\u00f3\u017cne typy insulin i sposoby podania<\/li>\n<li>Bolusy proste i przed\u0142u\u017cone<\/li>\n<li>Wykresy i podsumowania diabetyczne<\/li>\n<\/ul>\n<p>&nbsp;<\/p>\n<h4 style=\"padding-left: 90px\"><span style=\"color: #333399\">Kalkulatory:<\/span><\/h4>\n<ul>\n<li>BMI<\/li>\n<li>Spalania kalorii<\/li>\n<li>Zapotrzebowania energii PPM<\/li>\n<li>Wagi idealnej wed\u0142ug<br \/>\n&#8211; Lorenza<br \/>\n&#8211; Broca<\/li>\n<\/ul>\n<p>&nbsp;<\/p>","protected":false},"excerpt":{"rendered":"<p>&nbsp; Najwa\u017cniejsze cechy programu: 2200 artyku\u0142\u00f3w spo\u017cywczych w bazie Mo\u017cliwo\u015b\u0107 dopisywania nowych artyku\u0142\u00f3w Uaktualnienia bazy artyku\u0142\u00f3w Sortowanie wed\u0142ug wszystkich wielko\u015bci Do 15 posi\u0142k\u00f3w ka\u017cdego dnia Katalog posi\u0142k\u00f3w ulubionych Komponowanie i rejestracja posi\u0142k\u00f3w Rejestracja \u0107wicze\u0144 i aktywno\u015bci fizycznej 140 zdefiniowanych \u0107wicze\u0144 <a class=\"more-link\" href=\"https:\/\/www.lkavalon.com\/content\/dietetyk\/co-nowego\/\">Read More &#8230;<\/a><\/p>\n","protected":false},"author":1,"featured_media":0,"parent":0,"menu_order":0,"comment_status":"closed","ping_status":"closed","template":"","meta":{"footnotes":""},"class_list":["post-135","page","type-page","status-publish","hentry"],"_links":{"self":[{"href":"https:\/\/www.lkavalon.com\/content\/dietetyk\/wp-json\/wp\/v2\/pages\/135","targetHints":{"allow":["GET"]}}],"collection":[{"href":"https:\/\/www.lkavalon.com\/content\/dietetyk\/wp-json\/wp\/v2\/pages"}],"about":[{"href":"https:\/\/www.lkavalon.com\/content\/dietetyk\/wp-json\/wp\/v2\/types\/page"}],"author":[{"embeddable":true,"href":"https:\/\/www.lkavalon.com\/content\/dietetyk\/wp-json\/wp\/v2\/users\/1"}],"replies":[{"embeddable":true,"href":"https:\/\/www.lkavalon.com\/content\/dietetyk\/wp-json\/wp\/v2\/comments?post=135"}],"version-history":[{"count":1,"href":"https:\/\/www.lkavalon.com\/content\/dietetyk\/wp-json\/wp\/v2\/pages\/135\/revisions"}],"predecessor-version":[{"id":188,"href":"https:\/\/www.lkavalon.com\/content\/dietetyk\/wp-json\/wp\/v2\/pages\/135\/revisions\/188"}],"wp:attachment":[{"href":"https:\/\/www.lkavalon.com\/content\/dietetyk\/wp-json\/wp\/v2\/media?parent=135"}],"curies":[{"name":"wp","href":"https:\/\/api.w.org\/{rel}","templated":true}]}}