{"id":134,"date":"2015-02-11T11:11:25","date_gmt":"2015-02-11T11:11:25","guid":{"rendered":"http:\/\/komputerowydietetyk.pl\/main\/?page_id=2"},"modified":"2025-03-04T22:16:26","modified_gmt":"2025-03-04T21:16:26","slug":"about","status":"publish","type":"page","link":"https:\/\/www.lkavalon.com\/content\/dietetyk\/","title":{"rendered":"Komputerowy Dietetyk 3.0"},"content":{"rendered":"\n<figure class=\"wp-block-image size-large\"><img loading=\"lazy\" decoding=\"async\" width=\"1024\" height=\"341\" src=\"https:\/\/www.lkavalon.com\/content\/dietetyk\/wp-content\/uploads\/sites\/6\/2025\/02\/cropped-cropped-Diet_baner_1_1200x400-1024x341.jpg\" alt=\"\" class=\"wp-image-162\" srcset=\"https:\/\/www.lkavalon.com\/content\/dietetyk\/wp-content\/uploads\/sites\/6\/2025\/02\/cropped-cropped-Diet_baner_1_1200x400-1024x341.jpg 1024w, https:\/\/www.lkavalon.com\/content\/dietetyk\/wp-content\/uploads\/sites\/6\/2025\/02\/cropped-cropped-Diet_baner_1_1200x400-300x100.jpg 300w, https:\/\/www.lkavalon.com\/content\/dietetyk\/wp-content\/uploads\/sites\/6\/2025\/02\/cropped-cropped-Diet_baner_1_1200x400-768x256.jpg 768w, https:\/\/www.lkavalon.com\/content\/dietetyk\/wp-content\/uploads\/sites\/6\/2025\/02\/cropped-cropped-Diet_baner_1_1200x400.jpg 1200w\" sizes=\"auto, (max-width: 1024px) 100vw, 1024px\" \/><\/figure>\n\n\n<h6><strong>Pom\u00f3\u017c swemu cia\u0142u zyska\u0107 rze\u015bko\u015b\u0107 i dobr\u0105 form\u0119!<br \/><\/strong><\/h6>\n<p style=\"text-align: justify;\"><img loading=\"lazy\" decoding=\"async\" class=\"  alignnone wp-image-101 size-medium\" src=\"https:\/\/www.lkavalon.com\/content\/dietetyk\/wp-content\/uploads\/sites\/6\/2015\/02\/Komputerowy_dietetyk_rejestracja_pos_2-300x175.jpg\" alt=\"\" width=\"300\" height=\"175\" srcset=\"https:\/\/www.lkavalon.com\/content\/dietetyk\/wp-content\/uploads\/sites\/6\/2015\/02\/Komputerowy_dietetyk_rejestracja_pos_2-300x175.jpg 300w, https:\/\/www.lkavalon.com\/content\/dietetyk\/wp-content\/uploads\/sites\/6\/2015\/02\/Komputerowy_dietetyk_rejestracja_pos_2-1024x597.jpg 1024w, https:\/\/www.lkavalon.com\/content\/dietetyk\/wp-content\/uploads\/sites\/6\/2015\/02\/Komputerowy_dietetyk_rejestracja_pos_2-768x448.jpg 768w, https:\/\/www.lkavalon.com\/content\/dietetyk\/wp-content\/uploads\/sites\/6\/2015\/02\/Komputerowy_dietetyk_rejestracja_pos_2.jpg 1440w\" sizes=\"auto, (max-width: 300px) 100vw, 300px\" \/>\u00a0\u00a0\u00a0 <img loading=\"lazy\" decoding=\"async\" class=\"alignnone wp-image-73 size-medium\" src=\"https:\/\/www.lkavalon.com\/content\/dietetyk\/wp-content\/uploads\/sites\/6\/2015\/02\/Komputerowy_dietetyk_diabetyka-300x175.jpg\" alt=\"\" width=\"300\" height=\"175\" srcset=\"https:\/\/www.lkavalon.com\/content\/dietetyk\/wp-content\/uploads\/sites\/6\/2015\/02\/Komputerowy_dietetyk_diabetyka-300x175.jpg 300w, https:\/\/www.lkavalon.com\/content\/dietetyk\/wp-content\/uploads\/sites\/6\/2015\/02\/Komputerowy_dietetyk_diabetyka-1024x597.jpg 1024w, https:\/\/www.lkavalon.com\/content\/dietetyk\/wp-content\/uploads\/sites\/6\/2015\/02\/Komputerowy_dietetyk_diabetyka-768x448.jpg 768w, https:\/\/www.lkavalon.com\/content\/dietetyk\/wp-content\/uploads\/sites\/6\/2015\/02\/Komputerowy_dietetyk_diabetyka.jpg 1440w\" sizes=\"auto, (max-width: 300px) 100vw, 300px\" \/><\/p>\n<h6><strong>Program do komponowania, rejestracji i kontroli posi\u0142k\u00f3w oraz \u0107wicze\u0144 i aktywno\u015bci fizycznej.<\/strong><\/h6>\n<p>Niezb\u0119dne narz\u0119dzie dla odchudzaj\u0105cych si\u0119, diabetyk\u00f3w, sportowc\u00f3w, os\u00f3b stosuj\u0105cych r\u00f3\u017cne diety<br \/>oraz dbaj\u0105cych o zdrowie swoje i najbli\u017cszych.<\/p>","protected":false},"excerpt":{"rendered":"<p>Pom\u00f3\u017c swemu cia\u0142u zyska\u0107 rze\u015bko\u015b\u0107 i dobr\u0105 form\u0119! \u00a0\u00a0\u00a0 Program do komponowania, rejestracji i kontroli posi\u0142k\u00f3w oraz \u0107wicze\u0144 i aktywno\u015bci fizycznej. Niezb\u0119dne narz\u0119dzie dla odchudzaj\u0105cych si\u0119, diabetyk\u00f3w, sportowc\u00f3w, os\u00f3b stosuj\u0105cych r\u00f3\u017cne dietyoraz dbaj\u0105cych o zdrowie swoje i najbli\u017cszych.<\/p>\n","protected":false},"author":1,"featured_media":0,"parent":0,"menu_order":0,"comment_status":"closed","ping_status":"closed","template":"","meta":{"footnotes":""},"class_list":["post-134","page","type-page","status-publish","hentry"],"_links":{"self":[{"href":"https:\/\/www.lkavalon.com\/content\/dietetyk\/wp-json\/wp\/v2\/pages\/134","targetHints":{"allow":["GET"]}}],"collection":[{"href":"https:\/\/www.lkavalon.com\/content\/dietetyk\/wp-json\/wp\/v2\/pages"}],"about":[{"href":"https:\/\/www.lkavalon.com\/content\/dietetyk\/wp-json\/wp\/v2\/types\/page"}],"author":[{"embeddable":true,"href":"https:\/\/www.lkavalon.com\/content\/dietetyk\/wp-json\/wp\/v2\/users\/1"}],"replies":[{"embeddable":true,"href":"https:\/\/www.lkavalon.com\/content\/dietetyk\/wp-json\/wp\/v2\/comments?post=134"}],"version-history":[{"count":2,"href":"https:\/\/www.lkavalon.com\/content\/dietetyk\/wp-json\/wp\/v2\/pages\/134\/revisions"}],"predecessor-version":[{"id":269,"href":"https:\/\/www.lkavalon.com\/content\/dietetyk\/wp-json\/wp\/v2\/pages\/134\/revisions\/269"}],"wp:attachment":[{"href":"https:\/\/www.lkavalon.com\/content\/dietetyk\/wp-json\/wp\/v2\/media?parent=134"}],"curies":[{"name":"wp","href":"https:\/\/api.w.org\/{rel}","templated":true}]}}